{"id":2079,"date":"2022-10-27T10:10:30","date_gmt":"2022-10-27T02:10:30","guid":{"rendered":"https:\/\/minderrc.com\/lieferpolitik\/"},"modified":"2024-01-12T10:18:56","modified_gmt":"2024-01-12T02:18:56","slug":"lieferpolitik","status":"publish","type":"page","link":"https:\/\/minderrc.com\/de\/lieferpolitik\/","title":{"rendered":"Lieferpolitik"},"content":{"rendered":"\t\t<div data-elementor-type=\"wp-page\" data-elementor-id=\"2079\" class=\"elementor elementor-2079 elementor-1264\" data-elementor-post-type=\"page\">\n\t\t\t\t\t\t<section class=\"elementor-section elementor-top-section elementor-element elementor-element-974b0d6 elementor-section-boxed elementor-section-height-default elementor-section-height-default\" data-id=\"974b0d6\" data-element_type=\"section\" data-e-type=\"section\">\n\t\t\t\t\t\t<div class=\"elementor-container elementor-column-gap-default\">\n\t\t\t\t\t<div class=\"elementor-column elementor-col-100 elementor-top-column elementor-element elementor-element-86f81ce\" data-id=\"86f81ce\" data-element_type=\"column\" data-e-type=\"column\">\n\t\t\t<div class=\"elementor-widget-wrap elementor-element-populated\">\n\t\t\t\t\t\t<div class=\"elementor-element elementor-element-2e40397 elementor-widget elementor-widget-heading\" data-id=\"2e40397\" data-element_type=\"widget\" data-e-type=\"widget\" data-widget_type=\"heading.default\">\n\t\t\t\t<div class=\"elementor-widget-container\">\n\t\t\t\t\t<h2 class=\"elementor-heading-title elementor-size-default\"><span><b>Versanddauer und -regeln<\/b><\/span><\/h2>\t\t\t\t<\/div>\n\t\t\t\t<\/div>\n\t\t\t\t\t<\/div>\n\t\t<\/div>\n\t\t\t\t\t<\/div>\n\t\t<\/section>\n\t\t\t\t<section class=\"elementor-section elementor-top-section elementor-element elementor-element-7c65247 elementor-section-boxed elementor-section-height-default elementor-section-height-default\" data-id=\"7c65247\" data-element_type=\"section\" data-e-type=\"section\">\n\t\t\t\t\t\t<div class=\"elementor-container elementor-column-gap-default\">\n\t\t\t\t\t<div class=\"elementor-column elementor-col-100 elementor-top-column elementor-element elementor-element-b2e1534\" data-id=\"b2e1534\" data-element_type=\"column\" data-e-type=\"column\">\n\t\t\t<div class=\"elementor-widget-wrap elementor-element-populated\">\n\t\t\t\t\t\t<div class=\"elementor-element elementor-element-1698be3 elementor-widget elementor-widget-text-editor\" data-id=\"1698be3\" data-element_type=\"widget\" data-e-type=\"widget\" data-widget_type=\"text-editor.default\">\n\t\t\t\t<div class=\"elementor-widget-container\">\n\t\t\t\t\t\t\t\t\t<p style=\"color: #333232; margin: 0px 0px 19.4444px; font-family: Helvetica, 'Helvetica Neue', Arial, 'Lucida Grande', sans-serif; font-size: 15px;\">Alle Bestellungen werden innerhalb von 3 Arbeitstagen nach Zahlungseingang bearbeitet. Die Pakete werden nicht an Wochenenden oder Feiertagen verschickt oder zugestellt. Wenn wir eine gro\u00dfe Menge an Bestellungen erhalten oder einige Produkte nicht auf Lager sind, kann sich der Versand um einige Tage verz\u00f6gern. Bitte geben Sie uns mehr Zeit f\u00fcr den Versand. Im Falle einer besonderen Situation werden wir Sie per E-Mail informieren.<\/p>\n<p style=\"color: #333232; margin: 0px 0px 19.4444px; font-family: Helvetica, 'Helvetica Neue', Arial, 'Lucida Grande', sans-serif; font-size: 15px;\">Die Versandzeit sollte sich nach der vom Versandunternehmen angegebenen Zeit richten. Sobald die Produkte Ihrer Bestellung unser Lager verlassen, kann die tats\u00e4chliche Lieferung durch Ereignisse beeinflusst werden, die au\u00dferhalb unserer Kontrolle liegen. Daher \u00fcbernehmen wir keine Verantwortung f\u00fcr Lieferverz\u00f6gerungen, die auf unerwartete logistische Ereignisse zur\u00fcckzuf\u00fchren sind.<\/p>\n<p style=\"color: #333232; margin: 0px 0px 19.4444px; font-family: Helvetica, 'Helvetica Neue', Arial, 'Lucida Grande', sans-serif; font-size: 15px;\">Wenn eine logistische Verz\u00f6gerung auftritt, k\u00f6nnen Sie eine E-Mail an sales@minderrc.com senden. Wir werden unser Bestes tun, um das Logistikunternehmen zu kontaktieren und das Problem zu l\u00f6sen.<\/p>\n\t\t\t\t\t\t\t\t<\/div>\n\t\t\t\t<\/div>\n\t\t\t\t\t<\/div>\n\t\t<\/div>\n\t\t\t\t\t<\/div>\n\t\t<\/section>\n\t\t\t\t<section class=\"elementor-section elementor-top-section elementor-element elementor-element-e9784e4 elementor-section-boxed elementor-section-height-default elementor-section-height-default\" data-id=\"e9784e4\" data-element_type=\"section\" data-e-type=\"section\">\n\t\t\t\t\t\t<div class=\"elementor-container elementor-column-gap-default\">\n\t\t\t\t\t<div class=\"elementor-column elementor-col-100 elementor-top-column elementor-element elementor-element-ece4afb\" data-id=\"ece4afb\" data-element_type=\"column\" data-e-type=\"column\">\n\t\t\t<div class=\"elementor-widget-wrap elementor-element-populated\">\n\t\t\t\t\t\t<div class=\"elementor-element elementor-element-6aee931 elementor-widget elementor-widget-heading\" data-id=\"6aee931\" data-element_type=\"widget\" data-e-type=\"widget\" data-widget_type=\"heading.default\">\n\t\t\t\t<div class=\"elementor-widget-container\">\n\t\t\t\t\t<h2 class=\"elementor-heading-title elementor-size-default\"><font color=\"#333232\" face=\"Helvetica, Helvetica Neue, Arial, Lucida Grande, sans-serif\"><span style=\"font-size: 30px;white-space: normal\"><b>Versandmethoden<\/b><\/span><\/font><\/h2>\t\t\t\t<\/div>\n\t\t\t\t<\/div>\n\t\t\t\t<div class=\"elementor-element elementor-element-508c4b3 elementor-widget elementor-widget-text-editor\" data-id=\"508c4b3\" data-element_type=\"widget\" data-e-type=\"widget\" data-widget_type=\"text-editor.default\">\n\t\t\t\t<div class=\"elementor-widget-container\">\n\t\t\t\t\t\t\t\t\t<p><b>Es stehen Ihnen zwei Versandarten zur Verf\u00fcgung.<\/b><\/p>\n<p><span style=\"color: var(--sydney-text-color);\">-Standardversand\uff08Inklusive 4px,China post\uff09<\/span><\/p>\n<p>-Expressversand (einschlie\u00dflich DHL \/ FedEx \/ UPS)<\/p>\n\t\t\t\t\t\t\t\t<\/div>\n\t\t\t\t<\/div>\n\t\t\t\t<div class=\"elementor-element elementor-element-6b8a531 elementor-widget elementor-widget-heading\" data-id=\"6b8a531\" data-element_type=\"widget\" data-e-type=\"widget\" data-widget_type=\"heading.default\">\n\t\t\t\t<div class=\"elementor-widget-container\">\n\t\t\t\t\t<h2 class=\"elementor-heading-title elementor-size-default\"><font color=\"#333232\" face=\"Helvetica, Helvetica Neue, Arial, Lucida Grande, sans-serif\"><span style=\"font-size: 30px;white-space: normal\"><b>Gesch\u00e4tzte Versanddauer<\/b><\/span><\/font><\/h2>\t\t\t\t<\/div>\n\t\t\t\t<\/div>\n\t\t\t\t<div class=\"elementor-element elementor-element-b057da9 elementor-widget elementor-widget-text-editor\" data-id=\"b057da9\" data-element_type=\"widget\" data-e-type=\"widget\" data-widget_type=\"text-editor.default\">\n\t\t\t\t<div class=\"elementor-widget-container\">\n\t\t\t\t\t\t\t\t\t<p>Standardversand: 25-40 Arbeitstage<\/p>\n<p><span style=\"color: var(--sydney-text-color);\">Express-Versand: 7-10 Arbeitstage<\/span><\/p>\n\t\t\t\t\t\t\t\t<\/div>\n\t\t\t\t<\/div>\n\t\t\t\t<div class=\"elementor-element elementor-element-6aa6a3e elementor-widget elementor-widget-heading\" data-id=\"6aa6a3e\" data-element_type=\"widget\" data-e-type=\"widget\" data-widget_type=\"heading.default\">\n\t\t\t\t<div class=\"elementor-widget-container\">\n\t\t\t\t\t<h2 class=\"elementor-heading-title elementor-size-default\"><span><b>Verfolgung Ihrer Bestellung<\/b><\/span><\/h2>\t\t\t\t<\/div>\n\t\t\t\t<\/div>\n\t\t\t\t\t<\/div>\n\t\t<\/div>\n\t\t\t\t\t<\/div>\n\t\t<\/section>\n\t\t\t\t<section class=\"elementor-section elementor-top-section elementor-element elementor-element-5b549ce elementor-section-boxed elementor-section-height-default elementor-section-height-default\" data-id=\"5b549ce\" data-element_type=\"section\" data-e-type=\"section\">\n\t\t\t\t\t\t<div class=\"elementor-container elementor-column-gap-default\">\n\t\t\t\t\t<div class=\"elementor-column elementor-col-100 elementor-top-column elementor-element elementor-element-02853a3\" data-id=\"02853a3\" data-element_type=\"column\" data-e-type=\"column\">\n\t\t\t<div class=\"elementor-widget-wrap elementor-element-populated\">\n\t\t\t\t\t\t<div class=\"elementor-element elementor-element-bbe2979 elementor-widget elementor-widget-text-editor\" data-id=\"bbe2979\" data-element_type=\"widget\" data-e-type=\"widget\" data-widget_type=\"text-editor.default\">\n\t\t\t\t<div class=\"elementor-widget-container\">\n\t\t\t\t\t\t\t\t\t<p><span style=\"color: rgb(51, 50, 50); font-family: Helvetica, \"Helvetica Neue\", Arial, \"Lucida Grande\", sans-serif; font-size: 15px;\">4PX \uff1ahttp:\/\/track.4px.com<\/span><br style=\"color: rgb(51, 50, 50); font-family: Helvetica, \"Helvetica Neue\", Arial, \"Lucida Grande\", sans-serif; font-size: 15px;\"><span style=\"color: rgb(51, 50, 50); font-family: Helvetica, \"Helvetica Neue\", Arial, \"Lucida Grande\", sans-serif; font-size: 15px;\">17Spur\uff1ahttps:\/\/www.17track.net\/en<\/span><br style=\"color: rgb(51, 50, 50); font-family: Helvetica, \"Helvetica Neue\", Arial, \"Lucida Grande\", sans-serif; font-size: 15px;\"><span style=\"color: rgb(51, 50, 50); font-family: Helvetica, \"Helvetica Neue\", Arial, \"Lucida Grande\", sans-serif; font-size: 15px;\">DHL\uff1ahttps:\/\/www.dhl.com\/<\/span><\/p>\n\t\t\t\t\t\t\t\t<\/div>\n\t\t\t\t<\/div>\n\t\t\t\t\t<\/div>\n\t\t<\/div>\n\t\t\t\t\t<\/div>\n\t\t<\/section>\n\t\t\t\t<section class=\"elementor-section elementor-top-section elementor-element elementor-element-31dac5e elementor-section-boxed elementor-section-height-default elementor-section-height-default\" data-id=\"31dac5e\" data-element_type=\"section\" data-e-type=\"section\">\n\t\t\t\t\t\t<div class=\"elementor-container elementor-column-gap-default\">\n\t\t\t\t\t<div class=\"elementor-column elementor-col-100 elementor-top-column elementor-element elementor-element-63e647d\" data-id=\"63e647d\" data-element_type=\"column\" data-e-type=\"column\">\n\t\t\t<div class=\"elementor-widget-wrap elementor-element-populated\">\n\t\t\t\t\t\t<div class=\"elementor-element elementor-element-c663020 elementor-widget elementor-widget-heading\" data-id=\"c663020\" data-element_type=\"widget\" data-e-type=\"widget\" data-widget_type=\"heading.default\">\n\t\t\t\t<div class=\"elementor-widget-container\">\n\t\t\t\t\t<h2 class=\"elementor-heading-title elementor-size-default\"><span><b>VAT-Geb\u00fchr<\/b><\/span><\/h2>\t\t\t\t<\/div>\n\t\t\t\t<\/div>\n\t\t\t\t\t<\/div>\n\t\t<\/div>\n\t\t\t\t\t<\/div>\n\t\t<\/section>\n\t\t\t\t<section class=\"elementor-section elementor-top-section elementor-element elementor-element-dea55ae elementor-section-boxed elementor-section-height-default elementor-section-height-default\" data-id=\"dea55ae\" data-element_type=\"section\" data-e-type=\"section\">\n\t\t\t\t\t\t<div class=\"elementor-container elementor-column-gap-default\">\n\t\t\t\t\t<div class=\"elementor-column elementor-col-100 elementor-top-column elementor-element elementor-element-0390aed\" data-id=\"0390aed\" data-element_type=\"column\" data-e-type=\"column\">\n\t\t\t<div class=\"elementor-widget-wrap elementor-element-populated\">\n\t\t\t\t\t\t<div class=\"elementor-element elementor-element-0dc86a5 elementor-widget elementor-widget-text-editor\" data-id=\"0dc86a5\" data-element_type=\"widget\" data-e-type=\"widget\" data-widget_type=\"text-editor.default\">\n\t\t\t\t<div class=\"elementor-widget-container\">\n\t\t\t\t\t\t\t\t\t<p><span style=\"color: rgb(51, 50, 50); font-family: Helvetica, \"Helvetica Neue\", Arial, \"Lucida Grande\", sans-serif; font-size: 15px;\">Aufgrund der EU-Steuerreform werden bei Bestellungen in die EU-Mitgliedsstaaten Mehrwertsteuergeb\u00fchren erhoben, wenn die Standardversandart gew\u00e4hlt wird. Bei alternativen Versandmethoden wie DHL werden keine Mehrwertsteuergeb\u00fchren erhoben. Die Mehrwertsteuer- und die EORI-Kontonummer des Empf\u00e4ngers m\u00fcssen angegeben werden.<\/span><\/p>\n\t\t\t\t\t\t\t\t<\/div>\n\t\t\t\t<\/div>\n\t\t\t\t\t<\/div>\n\t\t<\/div>\n\t\t\t\t\t<\/div>\n\t\t<\/section>\n\t\t\t\t<\/div>\n\t\t","protected":false},"excerpt":{"rendered":"<p>Versanddauer und -regeln Alle Bestellungen werden innerhalb von 3 Arbeitstagen nach Zahlungseingang bearbeitet. Die Pakete werden nicht an Wochenenden oder Feiertagen verschickt oder zugestellt. Wenn wir eine gro\u00dfe Menge an Bestellungen erhalten oder einige Produkte nicht auf Lager sind, kann sich der Versand um einige Tage verz\u00f6gern. Bitte geben Sie uns mehr Zeit f\u00fcr den Versand. Im Falle einer besonderen Situation werden wir Sie per E-Mail informieren. Die Versandzeit sollte sich nach der vom Versandunternehmen angegebenen Zeit richten. Sobald die Produkte Ihrer Bestellung unser Lager verlassen, kann die tats\u00e4chliche Lieferung durch Ereignisse beeinflusst werden, die au\u00dferhalb unserer Kontrolle liegen. Daher \u00fcbernehmen wir keine Verantwortung f\u00fcr Lieferverz\u00f6gerungen, die auf unerwartete logistische Ereignisse zur\u00fcckzuf\u00fchren sind. Wenn eine logistische Verz\u00f6gerung auftritt, k\u00f6nnen Sie [&hellip;]<\/p>\n","protected":false},"author":1,"featured_media":0,"parent":0,"menu_order":0,"comment_status":"closed","ping_status":"closed","template":"","meta":{"_coblocks_attr":"","_coblocks_dimensions":"","_coblocks_responsive_height":"","_coblocks_accordion_ie_support":"","footnotes":""},"class_list":["post-2079","page","type-page","status-publish","hentry"],"_links":{"self":[{"href":"https:\/\/minderrc.com\/de\/wp-json\/wp\/v2\/pages\/2079","targetHints":{"allow":["GET"]}}],"collection":[{"href":"https:\/\/minderrc.com\/de\/wp-json\/wp\/v2\/pages"}],"about":[{"href":"https:\/\/minderrc.com\/de\/wp-json\/wp\/v2\/types\/page"}],"author":[{"embeddable":true,"href":"https:\/\/minderrc.com\/de\/wp-json\/wp\/v2\/users\/1"}],"replies":[{"embeddable":true,"href":"https:\/\/minderrc.com\/de\/wp-json\/wp\/v2\/comments?post=2079"}],"version-history":[{"count":4,"href":"https:\/\/minderrc.com\/de\/wp-json\/wp\/v2\/pages\/2079\/revisions"}],"predecessor-version":[{"id":3390,"href":"https:\/\/minderrc.com\/de\/wp-json\/wp\/v2\/pages\/2079\/revisions\/3390"}],"wp:attachment":[{"href":"https:\/\/minderrc.com\/de\/wp-json\/wp\/v2\/media?parent=2079"}],"curies":[{"name":"wp","href":"https:\/\/api.w.org\/{rel}","templated":true}]}}