{"id":2038,"date":"2022-10-12T18:21:41","date_gmt":"2022-10-12T10:21:41","guid":{"rendered":"https:\/\/minderrc.com\/product\/minderrc-dh30-max-punktschweissgeraet-10000mah-lipo-innen\/"},"modified":"2024-05-17T01:44:11","modified_gmt":"2024-05-16T17:44:11","slug":"dh30-max","status":"publish","type":"product","link":"https:\/\/minderrc.com\/de\/product\/dh30-max\/","title":{"rendered":"MinderRC DH30 MAX Farbbildschirm Spot Welder 10000mAh Lipo Inside 30 G\u00e4nge"},"content":{"rendered":"<p><strong>DH30 MAX Spezifikationen<\/strong><br \/>\nMaterial: Metallgeh\u00e4use<br \/>\nBildschirm: Farbe<br \/>\nBatteriekapazit\u00e4t: 10000mAh<br \/>\nEingang: 5V MAX 3A<br \/>\nLadeanschluss: Typ-C<br \/>\nProduktgewicht: 470g<br \/>\nProduktgr\u00f6\u00dfe: 150x83x29mm<br \/>\nGewicht der Verpackung: 730g<br \/>\nPackungsgr\u00f6\u00dfe: 200*90*50mm<br \/>\nU DIsk Firmware Upgrade<\/p>\n<p>&nbsp;<\/p>\n<p><strong>Verpackung Inklusive<\/strong><br \/>\n1 x Mini-Punktschwei\u00dfger\u00e4t<br \/>\n2 x Schwei\u00dfstift<br \/>\n1 x Typ-C-Ladekabel<br \/>\n1 x 0.12mm*8mm*2m vernickeltes Stahlband<br \/>\n1 x Benutzerhandbuch<\/p>\n<p>&nbsp;<\/p>\n<p><strong>Bitte vor der Benutzung vollst\u00e4ndig aufladen!<\/strong><\/p>\n<p>Punktschwei\u00dfung Leistungseinstellung:<br \/>\nBeginnen Sie mit dem ersten Gang und steigern Sie die Leistung langsam, bis Sie schwei\u00dfen k\u00f6nnen. Erh\u00f6hen Sie die Leistung nicht, wenn sie geschwei\u00dft werden kann. Vermeiden Sie MOS-Bomben. Die schwarzen L\u00f6tstellen zeigen an, dass die Leistung zu hoch ist.<\/p>\n<p>Beim Schwei\u00dfen dr\u00fccken Sie den L\u00f6tstift leicht nach unten, und das Nickelblech und die Batterie k\u00f6nnen miteinander verbunden werden. Je fester Sie dr\u00fccken, desto weniger fest wird die Schwei\u00dfung sein. Er wird automatisch ausgel\u00f6st, nachdem er eine Sekunde lang gedr\u00fcckt wurde.<\/p>\n<p><img fetchpriority=\"high\" decoding=\"async\" class=\"alignnone wp-image-2799 size-full\" src=\"https:\/\/minderrc.com\/wp-content\/uploads\/2022\/10\/Detail-1.jpg\" alt=\"\" width=\"1000\" height=\"1000\" srcset=\"https:\/\/minderrc.com\/wp-content\/uploads\/2022\/10\/Detail-1.jpg 1000w, https:\/\/minderrc.com\/wp-content\/uploads\/2022\/10\/Detail-1-300x300.jpg 300w, https:\/\/minderrc.com\/wp-content\/uploads\/2022\/10\/Detail-1-150x150.jpg 150w, https:\/\/minderrc.com\/wp-content\/uploads\/2022\/10\/Detail-1-768x768.jpg 768w, https:\/\/minderrc.com\/wp-content\/uploads\/2022\/10\/Detail-1-230x230.jpg 230w, https:\/\/minderrc.com\/wp-content\/uploads\/2022\/10\/Detail-1-350x350.jpg 350w, https:\/\/minderrc.com\/wp-content\/uploads\/2022\/10\/Detail-1-480x480.jpg 480w, https:\/\/minderrc.com\/wp-content\/uploads\/2022\/10\/Detail-1-420x420.jpg 420w, https:\/\/minderrc.com\/wp-content\/uploads\/2022\/10\/Detail-1-800x800.jpg 800w, https:\/\/minderrc.com\/wp-content\/uploads\/2022\/10\/Detail-1-100x100.jpg 100w\" sizes=\"(max-width: 1000px) 100vw, 1000px\" \/><\/p>\n<p><img decoding=\"async\" class=\"alignnone wp-image-2803 size-full\" src=\"https:\/\/minderrc.com\/wp-content\/uploads\/2022\/10\/Detail-Size.jpg\" alt=\"\" width=\"1000\" height=\"1000\" srcset=\"https:\/\/minderrc.com\/wp-content\/uploads\/2022\/10\/Detail-Size.jpg 1000w, https:\/\/minderrc.com\/wp-content\/uploads\/2022\/10\/Detail-Size-300x300.jpg 300w, https:\/\/minderrc.com\/wp-content\/uploads\/2022\/10\/Detail-Size-150x150.jpg 150w, https:\/\/minderrc.com\/wp-content\/uploads\/2022\/10\/Detail-Size-768x768.jpg 768w, https:\/\/minderrc.com\/wp-content\/uploads\/2022\/10\/Detail-Size-230x230.jpg 230w, https:\/\/minderrc.com\/wp-content\/uploads\/2022\/10\/Detail-Size-350x350.jpg 350w, https:\/\/minderrc.com\/wp-content\/uploads\/2022\/10\/Detail-Size-480x480.jpg 480w, https:\/\/minderrc.com\/wp-content\/uploads\/2022\/10\/Detail-Size-420x420.jpg 420w, https:\/\/minderrc.com\/wp-content\/uploads\/2022\/10\/Detail-Size-800x800.jpg 800w, https:\/\/minderrc.com\/wp-content\/uploads\/2022\/10\/Detail-Size-100x100.jpg 100w\" sizes=\"(max-width: 1000px) 100vw, 1000px\" \/> <img decoding=\"async\" class=\"alignnone wp-image-2801 size-full\" src=\"https:\/\/minderrc.com\/wp-content\/uploads\/2022\/10\/Detail-3-1.jpg\" alt=\"\" width=\"1000\" height=\"1000\" srcset=\"https:\/\/minderrc.com\/wp-content\/uploads\/2022\/10\/Detail-3-1.jpg 1000w, https:\/\/minderrc.com\/wp-content\/uploads\/2022\/10\/Detail-3-1-300x300.jpg 300w, https:\/\/minderrc.com\/wp-content\/uploads\/2022\/10\/Detail-3-1-150x150.jpg 150w, https:\/\/minderrc.com\/wp-content\/uploads\/2022\/10\/Detail-3-1-768x768.jpg 768w, https:\/\/minderrc.com\/wp-content\/uploads\/2022\/10\/Detail-3-1-230x230.jpg 230w, https:\/\/minderrc.com\/wp-content\/uploads\/2022\/10\/Detail-3-1-350x350.jpg 350w, https:\/\/minderrc.com\/wp-content\/uploads\/2022\/10\/Detail-3-1-480x480.jpg 480w, https:\/\/minderrc.com\/wp-content\/uploads\/2022\/10\/Detail-3-1-420x420.jpg 420w, https:\/\/minderrc.com\/wp-content\/uploads\/2022\/10\/Detail-3-1-800x800.jpg 800w, https:\/\/minderrc.com\/wp-content\/uploads\/2022\/10\/Detail-3-1-100x100.jpg 100w\" sizes=\"(max-width: 1000px) 100vw, 1000px\" \/> <img loading=\"lazy\" decoding=\"async\" class=\"alignnone wp-image-2783 size-full\" src=\"https:\/\/minderrc.com\/wp-content\/uploads\/2022\/10\/Detail-2.jpg\" alt=\"\" width=\"1000\" height=\"1000\" srcset=\"https:\/\/minderrc.com\/wp-content\/uploads\/2022\/10\/Detail-2.jpg 1000w, https:\/\/minderrc.com\/wp-content\/uploads\/2022\/10\/Detail-2-300x300.jpg 300w, https:\/\/minderrc.com\/wp-content\/uploads\/2022\/10\/Detail-2-150x150.jpg 150w, https:\/\/minderrc.com\/wp-content\/uploads\/2022\/10\/Detail-2-768x768.jpg 768w, https:\/\/minderrc.com\/wp-content\/uploads\/2022\/10\/Detail-2-230x230.jpg 230w, https:\/\/minderrc.com\/wp-content\/uploads\/2022\/10\/Detail-2-350x350.jpg 350w, https:\/\/minderrc.com\/wp-content\/uploads\/2022\/10\/Detail-2-480x480.jpg 480w, https:\/\/minderrc.com\/wp-content\/uploads\/2022\/10\/Detail-2-420x420.jpg 420w, https:\/\/minderrc.com\/wp-content\/uploads\/2022\/10\/Detail-2-800x800.jpg 800w, https:\/\/minderrc.com\/wp-content\/uploads\/2022\/10\/Detail-2-100x100.jpg 100w\" sizes=\"(max-width: 1000px) 100vw, 1000px\" \/><\/p>\n","protected":false},"excerpt":{"rendered":"<p><strong><span style=\"color: #ff0000;\">UVP:59.9USD<\/span><br \/>\n<\/strong><\/p>\n<ul>\n<li>1-Zoll-Farbbildschirm, einfach zu bedienende Einstellungen;<\/li>\n<li>Kleine und tragbare Gr\u00f6\u00dfe Design, bequem zu tragen;<\/li>\n<li>Mit schnell austauschbarem Schwei\u00dfstift;<\/li>\n<li>Der einteilige L\u00f6tstift verwendet vergoldete Anschl\u00fcsse mit guter Leitf\u00e4higkeit und geringem \u00dcbergangswiderstand;<\/li>\n<li>Eingebauter Lipo-Akku mit hoher Entladung, hervorragende Lade- und Entladeleistung, stabiler;<\/li>\n<li>Unterst\u00fctzung Firmware-Upgrade<\/li>\n<\/ul>\n","protected":false},"featured_media":2805,"comment_status":"open","ping_status":"closed","template":"","meta":{"_coblocks_attr":"","_coblocks_dimensions":"","_coblocks_responsive_height":"","_coblocks_accordion_ie_support":""},"product_brand":[],"product_cat":[64],"product_tag":[],"class_list":{"0":"post-2038","1":"product","2":"type-product","3":"status-publish","4":"has-post-thumbnail","6":"product_cat-punktschweisgerat","7":"product_shipping_class-versandkostenfreie-produkte","9":"first","10":"outofstock","11":"taxable","12":"shipping-taxable","13":"purchasable","14":"product-type-simple"},"_links":{"self":[{"href":"https:\/\/minderrc.com\/de\/wp-json\/wp\/v2\/product\/2038","targetHints":{"allow":["GET"]}}],"collection":[{"href":"https:\/\/minderrc.com\/de\/wp-json\/wp\/v2\/product"}],"about":[{"href":"https:\/\/minderrc.com\/de\/wp-json\/wp\/v2\/types\/product"}],"replies":[{"embeddable":true,"href":"https:\/\/minderrc.com\/de\/wp-json\/wp\/v2\/comments?post=2038"}],"wp:featuredmedia":[{"embeddable":true,"href":"https:\/\/minderrc.com\/de\/wp-json\/wp\/v2\/media\/2805"}],"wp:attachment":[{"href":"https:\/\/minderrc.com\/de\/wp-json\/wp\/v2\/media?parent=2038"}],"wp:term":[{"taxonomy":"product_brand","embeddable":true,"href":"https:\/\/minderrc.com\/de\/wp-json\/wp\/v2\/product_brand?post=2038"},{"taxonomy":"product_cat","embeddable":true,"href":"https:\/\/minderrc.com\/de\/wp-json\/wp\/v2\/product_cat?post=2038"},{"taxonomy":"product_tag","embeddable":true,"href":"https:\/\/minderrc.com\/de\/wp-json\/wp\/v2\/product_tag?post=2038"}],"curies":[{"name":"wp","href":"https:\/\/api.w.org\/{rel}","templated":true}]}}