{"id":2216,"date":"2023-11-03T11:24:20","date_gmt":"2023-11-03T03:24:20","guid":{"rendered":"https:\/\/minderrc.com\/?post_type=product&#038;p=2216"},"modified":"2024-05-17T01:44:10","modified_gmt":"2024-05-16T17:44:10","slug":"minderrc-dh30-punktschweisgerat-5000mah-lipo-innen-copy","status":"publish","type":"product","link":"https:\/\/minderrc.com\/de\/product\/minderrc-dh30-punktschweisgerat-5000mah-lipo-innen-copy\/","title":{"rendered":"MinderRC DH50 Touchscreen Punktschwei\u00dfger\u00e4t 5000mAh Lipo Inside 30 G\u00e4nge"},"content":{"rendered":"<p><strong>DH50 Merkmal:<\/strong><br \/>\nTouchscreen, einfach zu bedienende Einstellungen;<br \/>\nTragbares Punktschwei\u00dfger\u00e4t mit schnell auswechselbarem Schwei\u00dfstift;<br \/>\nKleine und tragbare Gr\u00f6\u00dfe Design, bequem zu tragen;<br \/>\nDer einteilige L\u00f6tstift verwendet vergoldete Anschl\u00fcsse mit guter Leitf\u00e4higkeit und geringem \u00dcbergangswiderstand;<br \/>\nEingebauter Lipo-Akku mit hoher Entladung, hervorragende Lade- und Entladeleistung, stabiler;<br \/>\nUnterst\u00fctzung Firmware-Upgrade<\/p>\n<p>&nbsp;<\/p>\n<p><strong>DH50 Spezifikation<\/strong><br \/>\nBildschirm: Touchscreen<br \/>\nMaterial: Metallgeh\u00e4use<br \/>\nBatteriekapazit\u00e4t: 5000mAh<br \/>\nEingang: 5V MAX 3A<br \/>\nLadeanschluss: Typ-C<br \/>\nProduktgewicht: 290g<br \/>\nProduktgr\u00f6\u00dfe: 103x83x29mm<br \/>\nVerpackungsgr\u00f6\u00dfe: 160x110x50mm<br \/>\nGewicht der Verpackung: 530g<br \/>\nUnterst\u00fctzung Firmware-Upgrade<\/p>\n<p>&nbsp;<\/p>\n<p><strong>DH50 Verpackung enthalten<\/strong><br \/>\n1 x Mini-Punktschwei\u00dfger\u00e4t<br \/>\n2 x Schwei\u00dfstift<br \/>\n1 x Typ-C-Ladekabel<br \/>\n1 x 0.12mm*8mm*2m vernickeltes Stahlband<br \/>\n1 x Benutzerhandbuch<\/p>\n<p>&nbsp;<\/p>\n<p><strong>Bitte vor der Benutzung vollst\u00e4ndig aufladen!<\/strong><\/p>\n<p>Punktschwei\u00dfung Leistungseinstellung:<br \/>\nBeginnen Sie mit dem ersten Gang und steigern Sie die Leistung langsam, bis Sie schwei\u00dfen k\u00f6nnen. Erh\u00f6hen Sie die Leistung nicht, wenn sie geschwei\u00dft werden kann. Vermeiden Sie MOS-Bomben. Die schwarzen L\u00f6tstellen zeigen an, dass die Leistung zu hoch ist.<\/p>\n<p>Beim Schwei\u00dfen dr\u00fccken Sie den L\u00f6tstift leicht nach unten, und das Nickelblech und die Batterie k\u00f6nnen miteinander verbunden werden. Je fester Sie dr\u00fccken, desto weniger fest wird die Schwei\u00dfung sein. Er wird automatisch ausgel\u00f6st, nachdem er eine Sekunde lang gedr\u00fcckt wurde.<\/p>\n<p><img fetchpriority=\"high\" decoding=\"async\" class=\"alignnone size-full wp-image-2224\" src=\"https:\/\/minderrc.com\/wp-content\/uploads\/2023\/11\/2-1.jpg\" alt=\"\" width=\"1000\" height=\"1000\" srcset=\"https:\/\/minderrc.com\/wp-content\/uploads\/2023\/11\/2-1.jpg 1000w, https:\/\/minderrc.com\/wp-content\/uploads\/2023\/11\/2-1-300x300.jpg 300w, https:\/\/minderrc.com\/wp-content\/uploads\/2023\/11\/2-1-150x150.jpg 150w, https:\/\/minderrc.com\/wp-content\/uploads\/2023\/11\/2-1-768x768.jpg 768w, https:\/\/minderrc.com\/wp-content\/uploads\/2023\/11\/2-1-230x230.jpg 230w, https:\/\/minderrc.com\/wp-content\/uploads\/2023\/11\/2-1-350x350.jpg 350w, https:\/\/minderrc.com\/wp-content\/uploads\/2023\/11\/2-1-480x480.jpg 480w, https:\/\/minderrc.com\/wp-content\/uploads\/2023\/11\/2-1-420x420.jpg 420w, https:\/\/minderrc.com\/wp-content\/uploads\/2023\/11\/2-1-800x800.jpg 800w, https:\/\/minderrc.com\/wp-content\/uploads\/2023\/11\/2-1-100x100.jpg 100w\" sizes=\"(max-width: 1000px) 100vw, 1000px\" \/><\/p>\n<p><img decoding=\"async\" class=\"alignnone size-full wp-image-2823\" src=\"https:\/\/minderrc.com\/wp-content\/uploads\/2023\/11\/DH50-Size.jpg\" alt=\"\" width=\"1000\" height=\"1000\" srcset=\"https:\/\/minderrc.com\/wp-content\/uploads\/2023\/11\/DH50-Size.jpg 1000w, https:\/\/minderrc.com\/wp-content\/uploads\/2023\/11\/DH50-Size-300x300.jpg 300w, https:\/\/minderrc.com\/wp-content\/uploads\/2023\/11\/DH50-Size-150x150.jpg 150w, https:\/\/minderrc.com\/wp-content\/uploads\/2023\/11\/DH50-Size-768x768.jpg 768w, https:\/\/minderrc.com\/wp-content\/uploads\/2023\/11\/DH50-Size-230x230.jpg 230w, https:\/\/minderrc.com\/wp-content\/uploads\/2023\/11\/DH50-Size-350x350.jpg 350w, https:\/\/minderrc.com\/wp-content\/uploads\/2023\/11\/DH50-Size-480x480.jpg 480w, https:\/\/minderrc.com\/wp-content\/uploads\/2023\/11\/DH50-Size-420x420.jpg 420w, https:\/\/minderrc.com\/wp-content\/uploads\/2023\/11\/DH50-Size-800x800.jpg 800w, https:\/\/minderrc.com\/wp-content\/uploads\/2023\/11\/DH50-Size-100x100.jpg 100w\" sizes=\"(max-width: 1000px) 100vw, 1000px\" \/><\/p>\n<p><img decoding=\"async\" class=\"alignnone size-full wp-image-2234\" src=\"https:\/\/minderrc.com\/wp-content\/uploads\/2023\/11\/12.jpg\" alt=\"\" width=\"1000\" height=\"1000\" srcset=\"https:\/\/minderrc.com\/wp-content\/uploads\/2023\/11\/12.jpg 1000w, https:\/\/minderrc.com\/wp-content\/uploads\/2023\/11\/12-300x300.jpg 300w, https:\/\/minderrc.com\/wp-content\/uploads\/2023\/11\/12-150x150.jpg 150w, https:\/\/minderrc.com\/wp-content\/uploads\/2023\/11\/12-768x768.jpg 768w, https:\/\/minderrc.com\/wp-content\/uploads\/2023\/11\/12-230x230.jpg 230w, https:\/\/minderrc.com\/wp-content\/uploads\/2023\/11\/12-350x350.jpg 350w, https:\/\/minderrc.com\/wp-content\/uploads\/2023\/11\/12-480x480.jpg 480w, https:\/\/minderrc.com\/wp-content\/uploads\/2023\/11\/12-420x420.jpg 420w, https:\/\/minderrc.com\/wp-content\/uploads\/2023\/11\/12-800x800.jpg 800w, https:\/\/minderrc.com\/wp-content\/uploads\/2023\/11\/12-100x100.jpg 100w\" sizes=\"(max-width: 1000px) 100vw, 1000px\" \/><\/p>\n<p><img loading=\"lazy\" decoding=\"async\" class=\"alignnone size-full wp-image-2240\" src=\"https:\/\/minderrc.com\/wp-content\/uploads\/2023\/11\/Detail-3.jpg\" alt=\"\" width=\"1000\" height=\"1000\" srcset=\"https:\/\/minderrc.com\/wp-content\/uploads\/2023\/11\/Detail-3.jpg 1000w, https:\/\/minderrc.com\/wp-content\/uploads\/2023\/11\/Detail-3-300x300.jpg 300w, https:\/\/minderrc.com\/wp-content\/uploads\/2023\/11\/Detail-3-150x150.jpg 150w, https:\/\/minderrc.com\/wp-content\/uploads\/2023\/11\/Detail-3-768x768.jpg 768w, https:\/\/minderrc.com\/wp-content\/uploads\/2023\/11\/Detail-3-230x230.jpg 230w, https:\/\/minderrc.com\/wp-content\/uploads\/2023\/11\/Detail-3-350x350.jpg 350w, https:\/\/minderrc.com\/wp-content\/uploads\/2023\/11\/Detail-3-480x480.jpg 480w, https:\/\/minderrc.com\/wp-content\/uploads\/2023\/11\/Detail-3-420x420.jpg 420w, https:\/\/minderrc.com\/wp-content\/uploads\/2023\/11\/Detail-3-800x800.jpg 800w, https:\/\/minderrc.com\/wp-content\/uploads\/2023\/11\/Detail-3-100x100.jpg 100w\" sizes=\"(max-width: 1000px) 100vw, 1000px\" \/><\/p>\n<p><img loading=\"lazy\" decoding=\"async\" class=\"alignnone size-full wp-image-3015\" src=\"https:\/\/minderrc.com\/wp-content\/uploads\/2023\/12\/Detail-2.jpg\" alt=\"\" width=\"1000\" height=\"1000\" srcset=\"https:\/\/minderrc.com\/wp-content\/uploads\/2023\/12\/Detail-2.jpg 1000w, https:\/\/minderrc.com\/wp-content\/uploads\/2023\/12\/Detail-2-300x300.jpg 300w, https:\/\/minderrc.com\/wp-content\/uploads\/2023\/12\/Detail-2-150x150.jpg 150w, https:\/\/minderrc.com\/wp-content\/uploads\/2023\/12\/Detail-2-768x768.jpg 768w, https:\/\/minderrc.com\/wp-content\/uploads\/2023\/12\/Detail-2-230x230.jpg 230w, https:\/\/minderrc.com\/wp-content\/uploads\/2023\/12\/Detail-2-350x350.jpg 350w, https:\/\/minderrc.com\/wp-content\/uploads\/2023\/12\/Detail-2-480x480.jpg 480w, https:\/\/minderrc.com\/wp-content\/uploads\/2023\/12\/Detail-2-420x420.jpg 420w, https:\/\/minderrc.com\/wp-content\/uploads\/2023\/12\/Detail-2-800x800.jpg 800w, https:\/\/minderrc.com\/wp-content\/uploads\/2023\/12\/Detail-2-100x100.jpg 100w\" sizes=\"(max-width: 1000px) 100vw, 1000px\" \/><\/p>\n<p>&nbsp;<\/p>\n<p>&nbsp;<\/p>\n","protected":false},"excerpt":{"rendered":"<p><span style=\"color: #ff0000;\"><strong>MSRP: 54.9USD<\/strong><\/span><\/p>\n<ul>\n<li><strong>Farb-Touchscreen: <\/strong> alle Men\u00fcs k\u00f6nnen an einer Stelle eingestellt werden, so dass Sie den F\u00fcllstand, die verbleibende Batteriekapazit\u00e4t, die Verz\u00f6gerungszeit und die Temperatur des Punktschwei\u00dfger\u00e4ts klar erkennen k\u00f6nnen<\/li>\n<li><strong>30 G\u00e4nge einstellbar\uff1a1<\/strong>bis 5 G\u00e4nge eignen sich zum Befestigen von Telefonakkus, 14 bis 15 G\u00e4nge werden h\u00e4ufig zum Schwei\u00dfen von 0,12mm vernickeltem Band verwendet<\/li>\n<li><strong>Integrierter 5000mAh-Akku:<\/strong> mit Typ-C-Ladekabel, kann innerhalb von 3 Stunden vollst\u00e4ndig aufgeladen werden<\/li>\n<li><strong>Austauschbarer Schwei\u00dfstift: <\/strong> Schwei\u00dfnadeln verschlei\u00dfen w\u00e4hrend des Schwei\u00dfprozesses, das Design der austauschbaren Schwei\u00dfnadeln kann die Nutzungskosten reduzieren<\/li>\n<li><strong>Breite Anwendung: <\/strong> kann zur Befestigung von Werkzeugen, Telefonbatterien oder zum Schwei\u00dfen von Nickelblech an zylindrischen Batterien wie 18650, 21700 usw. verwendet werden, um eine Stromquelle zu schaffen.<\/li>\n<li><strong>Aktualisierbare Firmware<\/strong><\/li>\n<\/ul>\n","protected":false},"featured_media":2255,"comment_status":"open","ping_status":"closed","template":"","meta":{"_coblocks_attr":"","_coblocks_dimensions":"","_coblocks_responsive_height":"","_coblocks_accordion_ie_support":""},"product_brand":[],"product_cat":[64],"product_tag":[],"class_list":{"0":"post-2216","1":"product","2":"type-product","3":"status-publish","4":"has-post-thumbnail","6":"product_cat-punktschweisgerat","7":"product_shipping_class-versandkostenfreie-produkte","9":"first","10":"outofstock","11":"taxable","12":"shipping-taxable","13":"purchasable","14":"product-type-simple"},"_links":{"self":[{"href":"https:\/\/minderrc.com\/de\/wp-json\/wp\/v2\/product\/2216","targetHints":{"allow":["GET"]}}],"collection":[{"href":"https:\/\/minderrc.com\/de\/wp-json\/wp\/v2\/product"}],"about":[{"href":"https:\/\/minderrc.com\/de\/wp-json\/wp\/v2\/types\/product"}],"replies":[{"embeddable":true,"href":"https:\/\/minderrc.com\/de\/wp-json\/wp\/v2\/comments?post=2216"}],"wp:featuredmedia":[{"embeddable":true,"href":"https:\/\/minderrc.com\/de\/wp-json\/wp\/v2\/media\/2255"}],"wp:attachment":[{"href":"https:\/\/minderrc.com\/de\/wp-json\/wp\/v2\/media?parent=2216"}],"wp:term":[{"taxonomy":"product_brand","embeddable":true,"href":"https:\/\/minderrc.com\/de\/wp-json\/wp\/v2\/product_brand?post=2216"},{"taxonomy":"product_cat","embeddable":true,"href":"https:\/\/minderrc.com\/de\/wp-json\/wp\/v2\/product_cat?post=2216"},{"taxonomy":"product_tag","embeddable":true,"href":"https:\/\/minderrc.com\/de\/wp-json\/wp\/v2\/product_tag?post=2216"}],"curies":[{"name":"wp","href":"https:\/\/api.w.org\/{rel}","templated":true}]}}