{"id":3239,"date":"2023-12-26T16:17:44","date_gmt":"2023-12-26T08:17:44","guid":{"rendered":"https:\/\/minderrc.com\/?post_type=product&#038;p=3239"},"modified":"2024-05-17T01:43:49","modified_gmt":"2024-05-16T17:43:49","slug":"minderrc-dh30-punktschweisgerat-5000mah-lipo-innen-copy-2","status":"publish","type":"product","link":"https:\/\/minderrc.com\/de\/product\/minderrc-dh30-punktschweisgerat-5000mah-lipo-innen-copy-2\/","title":{"rendered":"MinderRC DH20 Punktschwei\u00dfger\u00e4t 5000mAh Lipo Innen 9gears"},"content":{"rendered":"<p><strong>Merkmale:<\/strong><br \/>\nTragbares Punktschwei\u00dfger\u00e4t, mit Schnellverschluss-Schwei\u00dfstift.<br \/>\nKompaktes und tragbares Design, das Sie leicht mitnehmen k\u00f6nnen;<br \/>\nDer integrierte Schwei\u00dfstift verwendet einen vergoldeten Anschluss, der eine gute Leitf\u00e4higkeit und einen geringen Kontaktwiderstand aufweist;<br \/>\nVerdicktes reines Kupferband und importierte MOS-R\u00f6hren k\u00f6nnen Energie sparen und bieten eine l\u00e4ngere Betriebszeit;<br \/>\nEingebauter Hochleistungsakku, mit guter Lade- und Entladeleistung, stabiler;<\/p>\n<p>&nbsp;<\/p>\n<p><strong>Spezifikationen:<\/strong><br \/>\nName: DH20 Punktschwei\u00dfmaschine<br \/>\nMaterial: Metallgeh\u00e4use<br \/>\nLadeanschluss: Typ-c<br \/>\nVerpackungsgr\u00f6\u00dfe: 170x90x50mm<br \/>\nGewicht der Verpackung: 425g<\/p>\n<p>&nbsp;<\/p>\n<p><strong>Inklusive Verpackung:<\/strong><br \/>\n1 x DH20 Mini Punktschwei\u00dfger\u00e4t<br \/>\n1 x Schwei\u00dfstift<br \/>\n1 x Typ-C-Ladekabel<br \/>\n1 x 0.12mm*8mm*2m vernickeltes Stahlband<br \/>\n1 x Benutzerhandbuch<\/p>\n<p>&nbsp;<\/p>\n<p><strong>Wie zu verwenden:<\/strong><\/p>\n<p>*Achten Sie darauf, den Akku vor der Verwendung vollst\u00e4ndig aufzuladen.<\/p>\n<p>1. Ein-\/Ausschalten &#8211; Halten Sie die Taste 3 Sekunden lang gedr\u00fcckt und lassen Sie die Taste los, nachdem Sie den Startton geh\u00f6rt haben, um das Ger\u00e4t ein- bzw. auszuschalten.<br \/>\n2. Dr\u00fccken Sie kurz die Taste. Wenn der Summer ert\u00f6nt, ist das die Schaltposition. Dr\u00fccken Sie einmal, und es kann 1 Gang hinzugef\u00fcgt werden. 1-9 Zyklen, und der 9. Gang ist die st\u00e4rkste Schwei\u00dffestigkeit.<br \/>\n3. L\u00f6tvorgang &#8211; Beginnen Sie mit Stufe 1, das Ger\u00e4t beginnt nach 0,5 Sekunden mit dem L\u00f6ten, sobald es den Gegenstand erkennt. Die Leistungseinstellung kann f\u00fcr verschiedene L\u00f6tarbeiten angepasst werden. Wenn ein hoher Pegel in den Stromschutzmodus geht und neu gestartet wird, k\u00f6nnen Sie einen USB-Eingang anschlie\u00dfen. Beim Schwei\u00dfen dr\u00fccken Sie den L\u00f6tstift leicht nach unten, und das Nickelblech und die Batterie k\u00f6nnen miteinander verbunden werden. Je fester Sie dr\u00fccken, desto weniger fest wird die Schwei\u00dfung sein.<br \/>\n4. Automatische Abschaltung &#8211; Nachdem 2 Minuten lang keine Aktivit\u00e4t stattgefunden hat, schaltet sich das Ger\u00e4t automatisch ab.<br \/>\n5. Warnung bei niedrigem Stromverbrauch &#8211; Wenn das Ger\u00e4t zu wenig Strom hat, ert\u00f6nt nach dem Einschalten ein Signalton;<\/p>\n<p>&nbsp;<\/p>\n<p><img fetchpriority=\"high\" decoding=\"async\" class=\"alignnone wp-image-3255 size-full\" src=\"https:\/\/minderrc.com\/wp-content\/uploads\/2023\/12\/Detail-1-2.jpg\" alt=\"\" width=\"1000\" height=\"600\" srcset=\"https:\/\/minderrc.com\/wp-content\/uploads\/2023\/12\/Detail-1-2.jpg 1000w, https:\/\/minderrc.com\/wp-content\/uploads\/2023\/12\/Detail-1-2-300x180.jpg 300w, https:\/\/minderrc.com\/wp-content\/uploads\/2023\/12\/Detail-1-2-768x461.jpg 768w, https:\/\/minderrc.com\/wp-content\/uploads\/2023\/12\/Detail-1-2-230x138.jpg 230w, https:\/\/minderrc.com\/wp-content\/uploads\/2023\/12\/Detail-1-2-350x210.jpg 350w, https:\/\/minderrc.com\/wp-content\/uploads\/2023\/12\/Detail-1-2-480x288.jpg 480w, https:\/\/minderrc.com\/wp-content\/uploads\/2023\/12\/Detail-1-2-800x480.jpg 800w, https:\/\/minderrc.com\/wp-content\/uploads\/2023\/12\/Detail-1-2-100x60.jpg 100w\" sizes=\"(max-width: 1000px) 100vw, 1000px\" \/><\/p>\n<p>&nbsp;<\/p>\n<p>&nbsp;<\/p>\n<p>&nbsp;<\/p>\n","protected":false},"excerpt":{"rendered":"<p><span style=\"color: #ff0000;\"><strong>UVP:39.9USD<br \/>\n<span style=\"color: #000000;\">Die DH20 ist nicht mehr erh\u00e4ltlich, das alternative Modell ist die DH30 mit OLED-Bildschirm.<br \/>\nWenn Sie DH20 bestellen m\u00f6chten, betr\u00e4gt die Mindestbestellmenge 200 St\u00fcck und die Produktionszeit 30 Tage.<\/span><br \/>\n<\/strong><\/span><\/p>\n","protected":false},"featured_media":3257,"comment_status":"open","ping_status":"closed","template":"","meta":{"_coblocks_attr":"","_coblocks_dimensions":"","_coblocks_responsive_height":"","_coblocks_accordion_ie_support":""},"product_brand":[],"product_cat":[64],"product_tag":[],"class_list":{"0":"post-3239","1":"product","2":"type-product","3":"status-publish","4":"has-post-thumbnail","6":"product_cat-punktschweisgerat","7":"product_shipping_class-versandkostenfreie-produkte","9":"first","10":"outofstock","11":"taxable","12":"shipping-taxable","13":"purchasable","14":"product-type-simple"},"_links":{"self":[{"href":"https:\/\/minderrc.com\/de\/wp-json\/wp\/v2\/product\/3239","targetHints":{"allow":["GET"]}}],"collection":[{"href":"https:\/\/minderrc.com\/de\/wp-json\/wp\/v2\/product"}],"about":[{"href":"https:\/\/minderrc.com\/de\/wp-json\/wp\/v2\/types\/product"}],"replies":[{"embeddable":true,"href":"https:\/\/minderrc.com\/de\/wp-json\/wp\/v2\/comments?post=3239"}],"wp:featuredmedia":[{"embeddable":true,"href":"https:\/\/minderrc.com\/de\/wp-json\/wp\/v2\/media\/3257"}],"wp:attachment":[{"href":"https:\/\/minderrc.com\/de\/wp-json\/wp\/v2\/media?parent=3239"}],"wp:term":[{"taxonomy":"product_brand","embeddable":true,"href":"https:\/\/minderrc.com\/de\/wp-json\/wp\/v2\/product_brand?post=3239"},{"taxonomy":"product_cat","embeddable":true,"href":"https:\/\/minderrc.com\/de\/wp-json\/wp\/v2\/product_cat?post=3239"},{"taxonomy":"product_tag","embeddable":true,"href":"https:\/\/minderrc.com\/de\/wp-json\/wp\/v2\/product_tag?post=3239"}],"curies":[{"name":"wp","href":"https:\/\/api.w.org\/{rel}","templated":true}]}}