{"id":4591,"date":"2023-12-21T00:54:43","date_gmt":"2023-12-20T16:54:43","guid":{"rendered":"https:\/\/minderrc.com\/product\/schweissstift-adapter-55mm-auf-65mm-oder-80mm\/"},"modified":"2023-12-21T00:54:43","modified_gmt":"2023-12-20T16:54:43","slug":"schweissstift-adapter-55mm-auf-65mm-oder-80mm","status":"publish","type":"product","link":"https:\/\/minderrc.com\/de\/product\/schweissstift-adapter-55mm-auf-65mm-oder-80mm\/","title":{"rendered":"Schwei\u00dfstift-Adapter 5,5mm auf 6,5mm oder 8,0mm"},"content":{"rendered":"<p>5,5-mm-Adapter f\u00fcr 6,5- oder 8,0-mm-Schwei\u00dfstift, passend f\u00fcr die meisten Punktschwei\u00dfger\u00e4te auf dem Markt<\/p>\n","protected":false},"excerpt":{"rendered":"<p>5,5-mm-Adapter f\u00fcr 6,5- oder 8,0-mm-Schwei\u00dfstift, passend f\u00fcr die meisten Punktschwei\u00dfger\u00e4te auf dem Markt<\/p>\n","protected":false},"featured_media":4594,"comment_status":"open","ping_status":"closed","template":"","meta":{"_coblocks_attr":"","_coblocks_dimensions":"","_coblocks_responsive_height":"","_coblocks_accordion_ie_support":""},"product_brand":[],"product_cat":[872],"product_tag":[],"class_list":{"0":"post-4591","1":"product","2":"type-product","3":"status-publish","4":"has-post-thumbnail","6":"product_cat-punktschweisgerat-zubehor","7":"product_shipping_class-keine-versandkostenfreien-teile","9":"first","10":"instock","11":"taxable","12":"shipping-taxable","13":"purchasable","14":"product-type-variable","15":"has-default-attributes"},"_links":{"self":[{"href":"https:\/\/minderrc.com\/de\/wp-json\/wp\/v2\/product\/4591","targetHints":{"allow":["GET"]}}],"collection":[{"href":"https:\/\/minderrc.com\/de\/wp-json\/wp\/v2\/product"}],"about":[{"href":"https:\/\/minderrc.com\/de\/wp-json\/wp\/v2\/types\/product"}],"replies":[{"embeddable":true,"href":"https:\/\/minderrc.com\/de\/wp-json\/wp\/v2\/comments?post=4591"}],"wp:featuredmedia":[{"embeddable":true,"href":"https:\/\/minderrc.com\/de\/wp-json\/wp\/v2\/media\/4594"}],"wp:attachment":[{"href":"https:\/\/minderrc.com\/de\/wp-json\/wp\/v2\/media?parent=4591"}],"wp:term":[{"taxonomy":"product_brand","embeddable":true,"href":"https:\/\/minderrc.com\/de\/wp-json\/wp\/v2\/product_brand?post=4591"},{"taxonomy":"product_cat","embeddable":true,"href":"https:\/\/minderrc.com\/de\/wp-json\/wp\/v2\/product_cat?post=4591"},{"taxonomy":"product_tag","embeddable":true,"href":"https:\/\/minderrc.com\/de\/wp-json\/wp\/v2\/product_tag?post=4591"}],"curies":[{"name":"wp","href":"https:\/\/api.w.org\/{rel}","templated":true}]}}