{"id":4592,"date":"2024-01-02T00:29:05","date_gmt":"2024-01-01T16:29:05","guid":{"rendered":"https:\/\/minderrc.com\/product\/punktschweissgeraet-high-rate-discharge-akku-5300mah-117080\/"},"modified":"2024-01-02T00:29:05","modified_gmt":"2024-01-01T16:29:05","slug":"punktschweissgeraet-high-rate-discharge-akku-5300mah-117080","status":"publish","type":"product","link":"https:\/\/minderrc.com\/de\/product\/punktschweissgeraet-high-rate-discharge-akku-5300mah-117080\/","title":{"rendered":"Punktschwei\u00dfger\u00e4t High Rate Discharge Akku 5300mAh 117080"},"content":{"rendered":"<p><strong>Vielf\u00e4ltige Anwendungen:<\/strong><\/p>\n<p>Verwendung F\u00fcr Startstromversorgung, Z\u00fcnder, Schwei\u00dfger\u00e4t, Modellflugzeug, Modellschiff, Modellauto, Roller, Spielzeug-Elektrofahrzeug, Elektrofahrrad, Dreirad, Roller, Golfwagen, Karren, Rollst\u00fchle, Medizinisches Instrument, Solarversorgungssystem, Solarpanel, Energiespeicher, Elektrowerkzeuge, Elektrowerkzeuge, Instrumente, LED-Beleuchtungsger\u00e4te, RC-Spielzeug, Wechselrichter, Haushaltsger\u00e4te und Notfalleinrichtungen, usw.<\/p>\n<p><strong>Kann mit dem Minder Punktschwei\u00dfger\u00e4t verwendet werden<\/strong><\/p>\n<p>DH20,DH30,DH30 MAX<\/p>\n<p><strong>Spezifikationen<\/strong><\/p>\n<p>Modell: 117080<br \/>\nZellentyp: Li-Polymer<br \/>\nKapazit\u00e4t: 5300mAh<br \/>\nSpannung: 3,7 V<br \/>\nLadeschlussspannung: 4.2V<br \/>\nZellengr\u00f6\u00dfe: 80*70*10mm<\/p>\n<p>Innenwiderstand: Etwa 1,0 Ohm<br \/>\nTechnische Parameter des Schutz-IC: \u00dcberladungsschutz 4,20V\u00b10,05V<br \/>\n\u00dcberladungsschutz: 2.7V\u00b10.1V<br \/>\nLadetemperatur: -20\u00b0C ~ 45\u00b0C<br \/>\nEntladetemperatur: -20\u00b0C ~ +60\u00b0C<br \/>\nLagertemperatur: -0\u00b0C bis +35\u00b0C<br \/>\nMaximaler Ladestrom: 35C<br \/>\nMaximaler Entladestrom: 70C<br \/>\nGewicht: Etwa 110g<\/p>\n","protected":false},"excerpt":{"rendered":"<p><strong>Kann mit dem Minder Punktschwei\u00dfger\u00e4t verwendet werden<\/strong><\/p>\n<p>DH20,DH30,DH30 MAX<\/p>\n","protected":false},"featured_media":4595,"comment_status":"open","ping_status":"closed","template":"","meta":{"_coblocks_attr":"","_coblocks_dimensions":"","_coblocks_responsive_height":"","_coblocks_accordion_ie_support":""},"product_brand":[],"product_cat":[878],"product_tag":[],"class_list":{"0":"post-4592","1":"product","2":"type-product","3":"status-publish","4":"has-post-thumbnail","6":"product_cat-verbrauchsmaterial-zum-schweisen","7":"product_shipping_class-keine-versandkostenfreien-teile","9":"first","10":"instock","11":"taxable","12":"shipping-taxable","13":"purchasable","14":"product-type-simple"},"_links":{"self":[{"href":"https:\/\/minderrc.com\/de\/wp-json\/wp\/v2\/product\/4592","targetHints":{"allow":["GET"]}}],"collection":[{"href":"https:\/\/minderrc.com\/de\/wp-json\/wp\/v2\/product"}],"about":[{"href":"https:\/\/minderrc.com\/de\/wp-json\/wp\/v2\/types\/product"}],"replies":[{"embeddable":true,"href":"https:\/\/minderrc.com\/de\/wp-json\/wp\/v2\/comments?post=4592"}],"wp:featuredmedia":[{"embeddable":true,"href":"https:\/\/minderrc.com\/de\/wp-json\/wp\/v2\/media\/4595"}],"wp:attachment":[{"href":"https:\/\/minderrc.com\/de\/wp-json\/wp\/v2\/media?parent=4592"}],"wp:term":[{"taxonomy":"product_brand","embeddable":true,"href":"https:\/\/minderrc.com\/de\/wp-json\/wp\/v2\/product_brand?post=4592"},{"taxonomy":"product_cat","embeddable":true,"href":"https:\/\/minderrc.com\/de\/wp-json\/wp\/v2\/product_cat?post=4592"},{"taxonomy":"product_tag","embeddable":true,"href":"https:\/\/minderrc.com\/de\/wp-json\/wp\/v2\/product_tag?post=4592"}],"curies":[{"name":"wp","href":"https:\/\/api.w.org\/{rel}","templated":true}]}}