{"id":4661,"date":"2024-01-01T18:30:24","date_gmt":"2024-01-01T10:30:24","guid":{"rendered":"https:\/\/minderrc.com\/product\/dh50-dh50-max-punktschweissgeraet-reparaturteile-ladeboard-oder-power-board\/"},"modified":"2024-01-01T18:30:24","modified_gmt":"2024-01-01T10:30:24","slug":"dh50-dh50-max-punktschweissgeraet-reparaturteile-ladeboard-oder-power-board","status":"publish","type":"product","link":"https:\/\/minderrc.com\/de\/product\/dh50-dh50-max-punktschweissgeraet-reparaturteile-ladeboard-oder-power-board\/","title":{"rendered":"DH50 DH50 MAX Punktschwei\u00dfger\u00e4t Reparaturteile Ladeboard oder Power Board"},"content":{"rendered":"<p><strong>DH50 Punktschwei\u00dfger\u00e4t Reparaturteile<\/strong><\/p>\n<p>Es kann nur f\u00fcr MinderRC DH50 und DH50 MAX Spot Welder verwendet werden oder um einen Spot Welder zu bauen.<\/p>\n<p><strong>Anmerkung:<\/strong><\/p>\n<p>Die Wartung erfordert ein gewisses elektronisches und schwei\u00dftechnisches Grundwissen. Kunden, die nicht \u00fcber Wartungskenntnisse verf\u00fcgen, bestellen bitte vorsichtig, wir k\u00f6nnen keine technische Unterst\u00fctzung f\u00fcr Wartungsteile bieten.<\/p>\n<p><strong>Ladekarte<\/strong><\/p>\n<p><img fetchpriority=\"high\" decoding=\"async\" class=\"alignnone wp-image-3291 size-full\" src=\"https:\/\/minderrc.com\/wp-content\/uploads\/2024\/01\/USB-Board-1.jpg\" alt=\"\" width=\"1000\" height=\"1000\" srcset=\"https:\/\/minderrc.com\/wp-content\/uploads\/2024\/01\/USB-Board-1.jpg 1000w, https:\/\/minderrc.com\/wp-content\/uploads\/2024\/01\/USB-Board-1-300x300.jpg 300w, https:\/\/minderrc.com\/wp-content\/uploads\/2024\/01\/USB-Board-1-150x150.jpg 150w, https:\/\/minderrc.com\/wp-content\/uploads\/2024\/01\/USB-Board-1-768x768.jpg 768w, https:\/\/minderrc.com\/wp-content\/uploads\/2024\/01\/USB-Board-1-70x70.jpg 70w, https:\/\/minderrc.com\/wp-content\/uploads\/2024\/01\/USB-Board-1-230x230.jpg 230w, https:\/\/minderrc.com\/wp-content\/uploads\/2024\/01\/USB-Board-1-350x350.jpg 350w, https:\/\/minderrc.com\/wp-content\/uploads\/2024\/01\/USB-Board-1-480x480.jpg 480w, https:\/\/minderrc.com\/wp-content\/uploads\/2024\/01\/USB-Board-1-420x420.jpg 420w, https:\/\/minderrc.com\/wp-content\/uploads\/2024\/01\/USB-Board-1-800x800.jpg 800w, https:\/\/minderrc.com\/wp-content\/uploads\/2024\/01\/USB-Board-1-100x100.jpg 100w\" sizes=\"(max-width: 1000px) 100vw, 1000px\" \/> <img decoding=\"async\" class=\"alignnone wp-image-3295 size-full\" src=\"https:\/\/minderrc.com\/wp-content\/uploads\/2024\/01\/USB-Board-3.jpg\" alt=\"\" width=\"1000\" height=\"1000\" srcset=\"https:\/\/minderrc.com\/wp-content\/uploads\/2024\/01\/USB-Board-3.jpg 1000w, https:\/\/minderrc.com\/wp-content\/uploads\/2024\/01\/USB-Board-3-300x300.jpg 300w, https:\/\/minderrc.com\/wp-content\/uploads\/2024\/01\/USB-Board-3-150x150.jpg 150w, https:\/\/minderrc.com\/wp-content\/uploads\/2024\/01\/USB-Board-3-768x768.jpg 768w, https:\/\/minderrc.com\/wp-content\/uploads\/2024\/01\/USB-Board-3-70x70.jpg 70w, https:\/\/minderrc.com\/wp-content\/uploads\/2024\/01\/USB-Board-3-230x230.jpg 230w, https:\/\/minderrc.com\/wp-content\/uploads\/2024\/01\/USB-Board-3-350x350.jpg 350w, https:\/\/minderrc.com\/wp-content\/uploads\/2024\/01\/USB-Board-3-480x480.jpg 480w, https:\/\/minderrc.com\/wp-content\/uploads\/2024\/01\/USB-Board-3-420x420.jpg 420w, https:\/\/minderrc.com\/wp-content\/uploads\/2024\/01\/USB-Board-3-800x800.jpg 800w, https:\/\/minderrc.com\/wp-content\/uploads\/2024\/01\/USB-Board-3-100x100.jpg 100w\" sizes=\"(max-width: 1000px) 100vw, 1000px\" \/> <img decoding=\"async\" class=\"alignnone size-full wp-image-3301\" src=\"https:\/\/minderrc.com\/wp-content\/uploads\/2024\/01\/USB-Board-6.jpg\" alt=\"\" width=\"1000\" height=\"1000\" srcset=\"https:\/\/minderrc.com\/wp-content\/uploads\/2024\/01\/USB-Board-6.jpg 1000w, https:\/\/minderrc.com\/wp-content\/uploads\/2024\/01\/USB-Board-6-300x300.jpg 300w, https:\/\/minderrc.com\/wp-content\/uploads\/2024\/01\/USB-Board-6-150x150.jpg 150w, https:\/\/minderrc.com\/wp-content\/uploads\/2024\/01\/USB-Board-6-768x768.jpg 768w, https:\/\/minderrc.com\/wp-content\/uploads\/2024\/01\/USB-Board-6-70x70.jpg 70w, https:\/\/minderrc.com\/wp-content\/uploads\/2024\/01\/USB-Board-6-230x230.jpg 230w, https:\/\/minderrc.com\/wp-content\/uploads\/2024\/01\/USB-Board-6-350x350.jpg 350w, https:\/\/minderrc.com\/wp-content\/uploads\/2024\/01\/USB-Board-6-480x480.jpg 480w, https:\/\/minderrc.com\/wp-content\/uploads\/2024\/01\/USB-Board-6-420x420.jpg 420w, https:\/\/minderrc.com\/wp-content\/uploads\/2024\/01\/USB-Board-6-800x800.jpg 800w, https:\/\/minderrc.com\/wp-content\/uploads\/2024\/01\/USB-Board-6-100x100.jpg 100w\" sizes=\"(max-width: 1000px) 100vw, 1000px\" \/><\/p>\n<p>&nbsp;<\/p>\n<p>&nbsp;<\/p>\n<p><strong>Power Board<\/strong><\/p>\n<p><img loading=\"lazy\" decoding=\"async\" class=\"alignnone size-full wp-image-3303\" src=\"https:\/\/minderrc.com\/wp-content\/uploads\/2024\/01\/Power-Board-1.jpg\" alt=\"\" width=\"1000\" height=\"1000\" srcset=\"https:\/\/minderrc.com\/wp-content\/uploads\/2024\/01\/Power-Board-1.jpg 1000w, https:\/\/minderrc.com\/wp-content\/uploads\/2024\/01\/Power-Board-1-300x300.jpg 300w, https:\/\/minderrc.com\/wp-content\/uploads\/2024\/01\/Power-Board-1-150x150.jpg 150w, https:\/\/minderrc.com\/wp-content\/uploads\/2024\/01\/Power-Board-1-768x768.jpg 768w, https:\/\/minderrc.com\/wp-content\/uploads\/2024\/01\/Power-Board-1-70x70.jpg 70w, https:\/\/minderrc.com\/wp-content\/uploads\/2024\/01\/Power-Board-1-230x230.jpg 230w, https:\/\/minderrc.com\/wp-content\/uploads\/2024\/01\/Power-Board-1-350x350.jpg 350w, https:\/\/minderrc.com\/wp-content\/uploads\/2024\/01\/Power-Board-1-480x480.jpg 480w, https:\/\/minderrc.com\/wp-content\/uploads\/2024\/01\/Power-Board-1-420x420.jpg 420w, https:\/\/minderrc.com\/wp-content\/uploads\/2024\/01\/Power-Board-1-800x800.jpg 800w, https:\/\/minderrc.com\/wp-content\/uploads\/2024\/01\/Power-Board-1-100x100.jpg 100w\" sizes=\"(max-width: 1000px) 100vw, 1000px\" \/> <img loading=\"lazy\" decoding=\"async\" class=\"alignnone size-full wp-image-3307\" src=\"https:\/\/minderrc.com\/wp-content\/uploads\/2024\/01\/Power-Board-3.jpg\" alt=\"\" width=\"1000\" height=\"1000\" srcset=\"https:\/\/minderrc.com\/wp-content\/uploads\/2024\/01\/Power-Board-3.jpg 1000w, https:\/\/minderrc.com\/wp-content\/uploads\/2024\/01\/Power-Board-3-300x300.jpg 300w, https:\/\/minderrc.com\/wp-content\/uploads\/2024\/01\/Power-Board-3-150x150.jpg 150w, https:\/\/minderrc.com\/wp-content\/uploads\/2024\/01\/Power-Board-3-768x768.jpg 768w, https:\/\/minderrc.com\/wp-content\/uploads\/2024\/01\/Power-Board-3-70x70.jpg 70w, https:\/\/minderrc.com\/wp-content\/uploads\/2024\/01\/Power-Board-3-230x230.jpg 230w, https:\/\/minderrc.com\/wp-content\/uploads\/2024\/01\/Power-Board-3-350x350.jpg 350w, https:\/\/minderrc.com\/wp-content\/uploads\/2024\/01\/Power-Board-3-480x480.jpg 480w, https:\/\/minderrc.com\/wp-content\/uploads\/2024\/01\/Power-Board-3-420x420.jpg 420w, https:\/\/minderrc.com\/wp-content\/uploads\/2024\/01\/Power-Board-3-800x800.jpg 800w, https:\/\/minderrc.com\/wp-content\/uploads\/2024\/01\/Power-Board-3-100x100.jpg 100w\" sizes=\"(max-width: 1000px) 100vw, 1000px\" \/> <img loading=\"lazy\" decoding=\"async\" class=\"alignnone size-full wp-image-3313\" src=\"https:\/\/minderrc.com\/wp-content\/uploads\/2024\/01\/Power-Board-6.jpg\" alt=\"\" width=\"1000\" height=\"1000\" srcset=\"https:\/\/minderrc.com\/wp-content\/uploads\/2024\/01\/Power-Board-6.jpg 1000w, https:\/\/minderrc.com\/wp-content\/uploads\/2024\/01\/Power-Board-6-300x300.jpg 300w, https:\/\/minderrc.com\/wp-content\/uploads\/2024\/01\/Power-Board-6-150x150.jpg 150w, https:\/\/minderrc.com\/wp-content\/uploads\/2024\/01\/Power-Board-6-768x768.jpg 768w, https:\/\/minderrc.com\/wp-content\/uploads\/2024\/01\/Power-Board-6-70x70.jpg 70w, https:\/\/minderrc.com\/wp-content\/uploads\/2024\/01\/Power-Board-6-230x230.jpg 230w, https:\/\/minderrc.com\/wp-content\/uploads\/2024\/01\/Power-Board-6-350x350.jpg 350w, https:\/\/minderrc.com\/wp-content\/uploads\/2024\/01\/Power-Board-6-480x480.jpg 480w, https:\/\/minderrc.com\/wp-content\/uploads\/2024\/01\/Power-Board-6-420x420.jpg 420w, https:\/\/minderrc.com\/wp-content\/uploads\/2024\/01\/Power-Board-6-800x800.jpg 800w, https:\/\/minderrc.com\/wp-content\/uploads\/2024\/01\/Power-Board-6-100x100.jpg 100w\" sizes=\"(max-width: 1000px) 100vw, 1000px\" \/><\/p>\n<p>&nbsp;<\/p>\n","protected":false},"excerpt":{"rendered":"<p>DH50 Punktschwei\u00dfger\u00e4t Reparaturteile Es kann nur f\u00fcr MinderRC DH50 und DH50 MAX Spot Welder verwendet werden oder um einen Spot Welder zu bauen. Anmerkung: Die Wartung erfordert ein gewisses elektronisches und schwei\u00dftechnisches Grundwissen. Kunden, die nicht \u00fcber Wartungskenntnisse verf\u00fcgen, bestellen bitte vorsichtig, wir k\u00f6nnen keine technische Unterst\u00fctzung f\u00fcr Wartungsteile bieten. Ladekarte &nbsp; &nbsp; Power Board &nbsp;<\/p>\n","protected":false},"featured_media":4665,"comment_status":"open","ping_status":"closed","template":"","meta":{"_coblocks_attr":"","_coblocks_dimensions":"","_coblocks_responsive_height":"","_coblocks_accordion_ie_support":""},"product_brand":[],"product_cat":[873],"product_tag":[],"class_list":{"0":"post-4661","1":"product","2":"type-product","3":"status-publish","4":"has-post-thumbnail","6":"product_cat-reparatur-teile","7":"product_shipping_class-keine-versandkostenfreien-teile","9":"first","10":"instock","11":"taxable","12":"shipping-taxable","13":"purchasable","14":"product-type-variable","15":"has-default-attributes"},"_links":{"self":[{"href":"https:\/\/minderrc.com\/de\/wp-json\/wp\/v2\/product\/4661","targetHints":{"allow":["GET"]}}],"collection":[{"href":"https:\/\/minderrc.com\/de\/wp-json\/wp\/v2\/product"}],"about":[{"href":"https:\/\/minderrc.com\/de\/wp-json\/wp\/v2\/types\/product"}],"replies":[{"embeddable":true,"href":"https:\/\/minderrc.com\/de\/wp-json\/wp\/v2\/comments?post=4661"}],"wp:featuredmedia":[{"embeddable":true,"href":"https:\/\/minderrc.com\/de\/wp-json\/wp\/v2\/media\/4665"}],"wp:attachment":[{"href":"https:\/\/minderrc.com\/de\/wp-json\/wp\/v2\/media?parent=4661"}],"wp:term":[{"taxonomy":"product_brand","embeddable":true,"href":"https:\/\/minderrc.com\/de\/wp-json\/wp\/v2\/product_brand?post=4661"},{"taxonomy":"product_cat","embeddable":true,"href":"https:\/\/minderrc.com\/de\/wp-json\/wp\/v2\/product_cat?post=4661"},{"taxonomy":"product_tag","embeddable":true,"href":"https:\/\/minderrc.com\/de\/wp-json\/wp\/v2\/product_tag?post=4661"}],"curies":[{"name":"wp","href":"https:\/\/api.w.org\/{rel}","templated":true}]}}