{"id":4703,"date":"2023-12-09T12:52:51","date_gmt":"2023-12-09T04:52:51","guid":{"rendered":"https:\/\/minderrc.com\/product\/punktschweissstift-fuer-minderrc-spot-welding-pen\/"},"modified":"2023-12-09T12:52:51","modified_gmt":"2023-12-09T04:52:51","slug":"punktschweissstift-fuer-minderrc-spot-welding-pen","status":"publish","type":"product","link":"https:\/\/minderrc.com\/de\/product\/punktschweissstift-fuer-minderrc-spot-welding-pen\/","title":{"rendered":"Punktschwei\u00dfstift f\u00fcr MinderRC Spot Welding Pen"},"content":{"rendered":"<p><strong>Wie Sie die Schwei\u00dfnadeln wechseln:<\/strong><\/p>\n<p>Schritt 1: Verwenden Sie eine Zange, um den Schwei\u00dfstift und die feste Basis herauszuziehen.<\/p>\n<p>Schritt 2: Benutzen Sie eine Zange, um das Ende des Schwei\u00dfbolzens an der Unterseite zu verformen, damit der Sockel gut befestigt werden kann.<\/p>\n<p>Schritt 3: Setzen Sie den Schwei\u00dfstift und den festen Sockel in den Schwei\u00dfstift ein.<\/p>\n<p><img fetchpriority=\"high\" decoding=\"async\" class=\"alignnone size-full wp-image-2388\" src=\"https:\/\/minderrc.com\/wp-content\/uploads\/2023\/11\/Detail-1.jpg\" alt=\"\" width=\"1000\" height=\"750\" srcset=\"https:\/\/minderrc.com\/wp-content\/uploads\/2023\/11\/Detail-1.jpg 1000w, https:\/\/minderrc.com\/wp-content\/uploads\/2023\/11\/Detail-1-300x225.jpg 300w, https:\/\/minderrc.com\/wp-content\/uploads\/2023\/11\/Detail-1-768x576.jpg 768w, https:\/\/minderrc.com\/wp-content\/uploads\/2023\/11\/Detail-1-230x173.jpg 230w, https:\/\/minderrc.com\/wp-content\/uploads\/2023\/11\/Detail-1-350x263.jpg 350w, https:\/\/minderrc.com\/wp-content\/uploads\/2023\/11\/Detail-1-480x360.jpg 480w, https:\/\/minderrc.com\/wp-content\/uploads\/2023\/11\/Detail-1-800x600.jpg 800w, https:\/\/minderrc.com\/wp-content\/uploads\/2023\/11\/Detail-1-100x75.jpg 100w\" sizes=\"(max-width: 1000px) 100vw, 1000px\" \/><\/p>\n<p><img decoding=\"async\" class=\"alignnone size-full wp-image-2390\" src=\"https:\/\/minderrc.com\/wp-content\/uploads\/2023\/11\/Detail-2-1.jpg\" alt=\"\" width=\"1000\" height=\"665\" srcset=\"https:\/\/minderrc.com\/wp-content\/uploads\/2023\/11\/Detail-2-1.jpg 1000w, https:\/\/minderrc.com\/wp-content\/uploads\/2023\/11\/Detail-2-1-300x200.jpg 300w, https:\/\/minderrc.com\/wp-content\/uploads\/2023\/11\/Detail-2-1-768x511.jpg 768w, https:\/\/minderrc.com\/wp-content\/uploads\/2023\/11\/Detail-2-1-230x153.jpg 230w, https:\/\/minderrc.com\/wp-content\/uploads\/2023\/11\/Detail-2-1-350x233.jpg 350w, https:\/\/minderrc.com\/wp-content\/uploads\/2023\/11\/Detail-2-1-480x319.jpg 480w, https:\/\/minderrc.com\/wp-content\/uploads\/2023\/11\/Detail-2-1-800x532.jpg 800w, https:\/\/minderrc.com\/wp-content\/uploads\/2023\/11\/Detail-2-1-100x67.jpg 100w\" sizes=\"(max-width: 1000px) 100vw, 1000px\" \/><\/p>\n<p><img decoding=\"async\" class=\"alignnone size-full wp-image-2392\" src=\"https:\/\/minderrc.com\/wp-content\/uploads\/2023\/11\/Detail-3-1.jpg\" alt=\"\" width=\"1000\" height=\"750\" srcset=\"https:\/\/minderrc.com\/wp-content\/uploads\/2023\/11\/Detail-3-1.jpg 1000w, https:\/\/minderrc.com\/wp-content\/uploads\/2023\/11\/Detail-3-1-300x225.jpg 300w, https:\/\/minderrc.com\/wp-content\/uploads\/2023\/11\/Detail-3-1-768x576.jpg 768w, https:\/\/minderrc.com\/wp-content\/uploads\/2023\/11\/Detail-3-1-230x173.jpg 230w, https:\/\/minderrc.com\/wp-content\/uploads\/2023\/11\/Detail-3-1-350x263.jpg 350w, https:\/\/minderrc.com\/wp-content\/uploads\/2023\/11\/Detail-3-1-480x360.jpg 480w, https:\/\/minderrc.com\/wp-content\/uploads\/2023\/11\/Detail-3-1-800x600.jpg 800w, https:\/\/minderrc.com\/wp-content\/uploads\/2023\/11\/Detail-3-1-100x75.jpg 100w\" sizes=\"(max-width: 1000px) 100vw, 1000px\" \/><\/p>\n<p>&nbsp;<\/p>\n","protected":false},"excerpt":{"rendered":"<p><strong>2PCS Schwei\u00dfstift<\/strong><\/p>\n","protected":false},"featured_media":4723,"comment_status":"open","ping_status":"closed","template":"","meta":{"_coblocks_attr":"","_coblocks_dimensions":"","_coblocks_responsive_height":"","_coblocks_accordion_ie_support":""},"product_brand":[],"product_cat":[878],"product_tag":[],"class_list":{"0":"post-4703","1":"product","2":"type-product","3":"status-publish","4":"has-post-thumbnail","6":"product_cat-verbrauchsmaterial-zum-schweisen","7":"product_shipping_class-keine-versandkostenfreien-teile","9":"first","10":"instock","11":"taxable","12":"shipping-taxable","13":"purchasable","14":"product-type-simple"},"_links":{"self":[{"href":"https:\/\/minderrc.com\/de\/wp-json\/wp\/v2\/product\/4703","targetHints":{"allow":["GET"]}}],"collection":[{"href":"https:\/\/minderrc.com\/de\/wp-json\/wp\/v2\/product"}],"about":[{"href":"https:\/\/minderrc.com\/de\/wp-json\/wp\/v2\/types\/product"}],"replies":[{"embeddable":true,"href":"https:\/\/minderrc.com\/de\/wp-json\/wp\/v2\/comments?post=4703"}],"wp:featuredmedia":[{"embeddable":true,"href":"https:\/\/minderrc.com\/de\/wp-json\/wp\/v2\/media\/4723"}],"wp:attachment":[{"href":"https:\/\/minderrc.com\/de\/wp-json\/wp\/v2\/media?parent=4703"}],"wp:term":[{"taxonomy":"product_brand","embeddable":true,"href":"https:\/\/minderrc.com\/de\/wp-json\/wp\/v2\/product_brand?post=4703"},{"taxonomy":"product_cat","embeddable":true,"href":"https:\/\/minderrc.com\/de\/wp-json\/wp\/v2\/product_cat?post=4703"},{"taxonomy":"product_tag","embeddable":true,"href":"https:\/\/minderrc.com\/de\/wp-json\/wp\/v2\/product_tag?post=4703"}],"curies":[{"name":"wp","href":"https:\/\/api.w.org\/{rel}","templated":true}]}}