{"id":4709,"date":"2023-12-19T13:44:51","date_gmt":"2023-12-19T05:44:51","guid":{"rendered":"https:\/\/minderrc.com\/product\/w23-telefon-akku-schweisspunkthalterung\/"},"modified":"2023-12-19T13:44:51","modified_gmt":"2023-12-19T05:44:51","slug":"w23-telefon-akku-schweisspunkthalterung","status":"publish","type":"product","link":"https:\/\/minderrc.com\/de\/product\/w23-telefon-akku-schweisspunkthalterung\/","title":{"rendered":"W23 Telefon-Akku-Schwei\u00dfpunkthalterung"},"content":{"rendered":"<p><strong>Merkmal:<\/strong><\/p>\n<p>Verbessern Sie die Struktur der Halterung, um sie f\u00fcr das Schwei\u00dfen bequemer zu machen.<br \/>\nF\u00fcgen Sie ein Anti-Rutsch-Pad aus Silikon hinzu, damit der Akku nicht so leicht verrutscht.<br \/>\nGeeignet f\u00fcr verschiedene Gr\u00f6\u00dfen von Punktschwei\u00dfmaschinen mit unterschiedlichen Schnittstellen<\/p>\n<p>&nbsp;<\/p>\n<p><strong>Das Paket enth\u00e4lt:<\/strong><br \/>\n1*Schwei\u00dfhalterung<br \/>\n1*5,5mm auf 6,5mm Adapter<br \/>\n1*5,5mm auf 8mm Adapter<\/p>\n<p>&nbsp;<\/p>\n<p>Der Bananenkopf der Punktschwei\u00dfvorrichtung ist 5,5 mm gro\u00df und kann mit den meisten Punktschwei\u00dfmaschinen auf dem Markt kombiniert werden.<\/p>\n<p>&nbsp;<\/p>\n<p><img fetchpriority=\"high\" decoding=\"async\" class=\"alignnone size-full wp-image-3151\" src=\"https:\/\/minderrc.com\/wp-content\/uploads\/2023\/12\/Detail-1.jpg\" alt=\"\" width=\"1000\" height=\"1000\" srcset=\"https:\/\/minderrc.com\/wp-content\/uploads\/2023\/12\/Detail-1.jpg 1000w, https:\/\/minderrc.com\/wp-content\/uploads\/2023\/12\/Detail-1-300x300.jpg 300w, https:\/\/minderrc.com\/wp-content\/uploads\/2023\/12\/Detail-1-150x150.jpg 150w, https:\/\/minderrc.com\/wp-content\/uploads\/2023\/12\/Detail-1-768x768.jpg 768w, https:\/\/minderrc.com\/wp-content\/uploads\/2023\/12\/Detail-1-230x230.jpg 230w, https:\/\/minderrc.com\/wp-content\/uploads\/2023\/12\/Detail-1-350x350.jpg 350w, https:\/\/minderrc.com\/wp-content\/uploads\/2023\/12\/Detail-1-480x480.jpg 480w, https:\/\/minderrc.com\/wp-content\/uploads\/2023\/12\/Detail-1-420x420.jpg 420w, https:\/\/minderrc.com\/wp-content\/uploads\/2023\/12\/Detail-1-800x800.jpg 800w, https:\/\/minderrc.com\/wp-content\/uploads\/2023\/12\/Detail-1-100x100.jpg 100w\" sizes=\"(max-width: 1000px) 100vw, 1000px\" \/> <img decoding=\"async\" class=\"alignnone size-full wp-image-3153\" src=\"https:\/\/minderrc.com\/wp-content\/uploads\/2023\/12\/Detail-2-1.jpg\" alt=\"\" width=\"1000\" height=\"670\" srcset=\"https:\/\/minderrc.com\/wp-content\/uploads\/2023\/12\/Detail-2-1.jpg 1000w, https:\/\/minderrc.com\/wp-content\/uploads\/2023\/12\/Detail-2-1-300x201.jpg 300w, https:\/\/minderrc.com\/wp-content\/uploads\/2023\/12\/Detail-2-1-768x515.jpg 768w, https:\/\/minderrc.com\/wp-content\/uploads\/2023\/12\/Detail-2-1-230x154.jpg 230w, https:\/\/minderrc.com\/wp-content\/uploads\/2023\/12\/Detail-2-1-350x235.jpg 350w, https:\/\/minderrc.com\/wp-content\/uploads\/2023\/12\/Detail-2-1-480x322.jpg 480w, https:\/\/minderrc.com\/wp-content\/uploads\/2023\/12\/Detail-2-1-800x536.jpg 800w, https:\/\/minderrc.com\/wp-content\/uploads\/2023\/12\/Detail-2-1-100x67.jpg 100w\" sizes=\"(max-width: 1000px) 100vw, 1000px\" \/><\/p>\n","protected":false},"excerpt":{"rendered":"<p>Antihaft-Nickelblatt, spezielle violette Kupferf\u00fchrungss\u00e4ule, antistatisches ABS-Material, um den Ausfall von IC zu verhindern<\/p>\n","protected":false},"featured_media":4744,"comment_status":"open","ping_status":"closed","template":"","meta":{"_coblocks_attr":"","_coblocks_dimensions":"","_coblocks_responsive_height":"","_coblocks_accordion_ie_support":""},"product_brand":[],"product_cat":[872],"product_tag":[],"class_list":{"0":"post-4709","1":"product","2":"type-product","3":"status-publish","4":"has-post-thumbnail","6":"product_cat-punktschweisgerat-zubehor","7":"product_shipping_class-keine-versandkostenfreien-teile","9":"first","10":"instock","11":"taxable","12":"shipping-taxable","13":"purchasable","14":"product-type-simple"},"_links":{"self":[{"href":"https:\/\/minderrc.com\/de\/wp-json\/wp\/v2\/product\/4709","targetHints":{"allow":["GET"]}}],"collection":[{"href":"https:\/\/minderrc.com\/de\/wp-json\/wp\/v2\/product"}],"about":[{"href":"https:\/\/minderrc.com\/de\/wp-json\/wp\/v2\/types\/product"}],"replies":[{"embeddable":true,"href":"https:\/\/minderrc.com\/de\/wp-json\/wp\/v2\/comments?post=4709"}],"wp:featuredmedia":[{"embeddable":true,"href":"https:\/\/minderrc.com\/de\/wp-json\/wp\/v2\/media\/4744"}],"wp:attachment":[{"href":"https:\/\/minderrc.com\/de\/wp-json\/wp\/v2\/media?parent=4709"}],"wp:term":[{"taxonomy":"product_brand","embeddable":true,"href":"https:\/\/minderrc.com\/de\/wp-json\/wp\/v2\/product_brand?post=4709"},{"taxonomy":"product_cat","embeddable":true,"href":"https:\/\/minderrc.com\/de\/wp-json\/wp\/v2\/product_cat?post=4709"},{"taxonomy":"product_tag","embeddable":true,"href":"https:\/\/minderrc.com\/de\/wp-json\/wp\/v2\/product_tag?post=4709"}],"curies":[{"name":"wp","href":"https:\/\/api.w.org\/{rel}","templated":true}]}}