{"id":4866,"date":"2023-12-09T22:04:46","date_gmt":"2023-12-09T14:04:46","guid":{"rendered":"https:\/\/minderrc.com\/product\/dh30-spot-welder-reparaturteile-hauptplatine-und-bildschirm\/"},"modified":"2023-12-09T22:04:46","modified_gmt":"2023-12-09T14:04:46","slug":"dh30-spot-welder-reparaturteile-hauptplatine-und-bildschirm","status":"publish","type":"product","link":"https:\/\/minderrc.com\/de\/product\/dh30-spot-welder-reparaturteile-hauptplatine-und-bildschirm\/","title":{"rendered":"DH30 Spot Welder Reparaturteile Hauptplatine und Bildschirm"},"content":{"rendered":"<p><strong>DH30 Punktschwei\u00dfger\u00e4t Reparaturteile &#8211; Hauptplatine und Bildschirm<\/strong><\/p>\n<p>Es kann nur f\u00fcr MinderRC\/WelderKit\/BifRC DH30 Spot Welder verwendet werden.<br \/>\nOder verwenden Sie einen Punktschwei\u00dfer zum Selbermachen<\/p>\n<p>&nbsp;<\/p>\n<p><strong>Es enth\u00e4lt Hauptplatine und Bildschirmteile<\/strong><\/p>\n<p>Die Wartung erfordert ein gewisses elektronisches und schwei\u00dftechnisches Grundwissen. Kunden, die nicht \u00fcber Wartungskenntnisse verf\u00fcgen, bestellen bitte vorsichtig, wir k\u00f6nnen keine technische Unterst\u00fctzung f\u00fcr Wartungsteile bieten.<\/p>\n<p><img fetchpriority=\"high\" decoding=\"async\" class=\"alignnone size-full wp-image-2885\" src=\"https:\/\/minderrc.com\/wp-content\/uploads\/2023\/12\/1-2.jpg\" alt=\"\" width=\"1000\" height=\"1000\" srcset=\"https:\/\/minderrc.com\/wp-content\/uploads\/2023\/12\/1-2.jpg 1000w, https:\/\/minderrc.com\/wp-content\/uploads\/2023\/12\/1-2-300x300.jpg 300w, https:\/\/minderrc.com\/wp-content\/uploads\/2023\/12\/1-2-150x150.jpg 150w, https:\/\/minderrc.com\/wp-content\/uploads\/2023\/12\/1-2-768x768.jpg 768w, https:\/\/minderrc.com\/wp-content\/uploads\/2023\/12\/1-2-230x230.jpg 230w, https:\/\/minderrc.com\/wp-content\/uploads\/2023\/12\/1-2-350x350.jpg 350w, https:\/\/minderrc.com\/wp-content\/uploads\/2023\/12\/1-2-480x480.jpg 480w, https:\/\/minderrc.com\/wp-content\/uploads\/2023\/12\/1-2-420x420.jpg 420w, https:\/\/minderrc.com\/wp-content\/uploads\/2023\/12\/1-2-800x800.jpg 800w, https:\/\/minderrc.com\/wp-content\/uploads\/2023\/12\/1-2-100x100.jpg 100w\" sizes=\"(max-width: 1000px) 100vw, 1000px\" \/> <img decoding=\"async\" class=\"alignnone wp-image-2887 size-full\" src=\"https:\/\/minderrc.com\/wp-content\/uploads\/2023\/12\/2-2.jpg\" alt=\"\" width=\"1000\" height=\"1000\" srcset=\"https:\/\/minderrc.com\/wp-content\/uploads\/2023\/12\/2-2.jpg 1000w, https:\/\/minderrc.com\/wp-content\/uploads\/2023\/12\/2-2-300x300.jpg 300w, https:\/\/minderrc.com\/wp-content\/uploads\/2023\/12\/2-2-150x150.jpg 150w, https:\/\/minderrc.com\/wp-content\/uploads\/2023\/12\/2-2-768x768.jpg 768w, https:\/\/minderrc.com\/wp-content\/uploads\/2023\/12\/2-2-230x230.jpg 230w, https:\/\/minderrc.com\/wp-content\/uploads\/2023\/12\/2-2-350x350.jpg 350w, https:\/\/minderrc.com\/wp-content\/uploads\/2023\/12\/2-2-480x480.jpg 480w, https:\/\/minderrc.com\/wp-content\/uploads\/2023\/12\/2-2-420x420.jpg 420w, https:\/\/minderrc.com\/wp-content\/uploads\/2023\/12\/2-2-800x800.jpg 800w, https:\/\/minderrc.com\/wp-content\/uploads\/2023\/12\/2-2-100x100.jpg 100w\" sizes=\"(max-width: 1000px) 100vw, 1000px\" \/>   <strong><img decoding=\"async\" class=\"alignnone wp-image-2893 size-full\" src=\"https:\/\/minderrc.com\/wp-content\/uploads\/2023\/12\/5-2.jpg\" alt=\"\" width=\"1000\" height=\"1000\" srcset=\"https:\/\/minderrc.com\/wp-content\/uploads\/2023\/12\/5-2.jpg 1000w, https:\/\/minderrc.com\/wp-content\/uploads\/2023\/12\/5-2-300x300.jpg 300w, https:\/\/minderrc.com\/wp-content\/uploads\/2023\/12\/5-2-150x150.jpg 150w, https:\/\/minderrc.com\/wp-content\/uploads\/2023\/12\/5-2-768x768.jpg 768w, https:\/\/minderrc.com\/wp-content\/uploads\/2023\/12\/5-2-230x230.jpg 230w, https:\/\/minderrc.com\/wp-content\/uploads\/2023\/12\/5-2-350x350.jpg 350w, https:\/\/minderrc.com\/wp-content\/uploads\/2023\/12\/5-2-480x480.jpg 480w, https:\/\/minderrc.com\/wp-content\/uploads\/2023\/12\/5-2-420x420.jpg 420w, https:\/\/minderrc.com\/wp-content\/uploads\/2023\/12\/5-2-800x800.jpg 800w, https:\/\/minderrc.com\/wp-content\/uploads\/2023\/12\/5-2-100x100.jpg 100w\" sizes=\"(max-width: 1000px) 100vw, 1000px\" \/><\/strong><\/p>\n","protected":false},"excerpt":{"rendered":"<p>DH30 Punktschwei\u00dfger\u00e4t Reparaturteile &#8211; Hauptplatine und Bildschirm Es kann nur f\u00fcr MinderRC\/WelderKit\/BifRC DH30 Spot Welder verwendet werden. Oder verwenden Sie einen Punktschwei\u00dfer zum Selbermachen &nbsp; Es enth\u00e4lt Hauptplatine und Bildschirmteile Die Wartung erfordert ein gewisses elektronisches und schwei\u00dftechnisches Grundwissen. Kunden, die nicht \u00fcber Wartungskenntnisse verf\u00fcgen, bestellen bitte vorsichtig, wir k\u00f6nnen keine technische Unterst\u00fctzung f\u00fcr Wartungsteile bieten.<\/p>\n","protected":false},"featured_media":4883,"comment_status":"open","ping_status":"closed","template":"","meta":{"_coblocks_attr":"","_coblocks_dimensions":"","_coblocks_responsive_height":"","_coblocks_accordion_ie_support":""},"product_brand":[],"product_cat":[873],"product_tag":[],"class_list":{"0":"post-4866","1":"product","2":"type-product","3":"status-publish","4":"has-post-thumbnail","6":"product_cat-reparatur-teile","7":"product_shipping_class-keine-versandkostenfreien-teile","9":"first","10":"instock","11":"taxable","12":"shipping-taxable","13":"purchasable","14":"product-type-simple"},"_links":{"self":[{"href":"https:\/\/minderrc.com\/de\/wp-json\/wp\/v2\/product\/4866","targetHints":{"allow":["GET"]}}],"collection":[{"href":"https:\/\/minderrc.com\/de\/wp-json\/wp\/v2\/product"}],"about":[{"href":"https:\/\/minderrc.com\/de\/wp-json\/wp\/v2\/types\/product"}],"replies":[{"embeddable":true,"href":"https:\/\/minderrc.com\/de\/wp-json\/wp\/v2\/comments?post=4866"}],"wp:featuredmedia":[{"embeddable":true,"href":"https:\/\/minderrc.com\/de\/wp-json\/wp\/v2\/media\/4883"}],"wp:attachment":[{"href":"https:\/\/minderrc.com\/de\/wp-json\/wp\/v2\/media?parent=4866"}],"wp:term":[{"taxonomy":"product_brand","embeddable":true,"href":"https:\/\/minderrc.com\/de\/wp-json\/wp\/v2\/product_brand?post=4866"},{"taxonomy":"product_cat","embeddable":true,"href":"https:\/\/minderrc.com\/de\/wp-json\/wp\/v2\/product_cat?post=4866"},{"taxonomy":"product_tag","embeddable":true,"href":"https:\/\/minderrc.com\/de\/wp-json\/wp\/v2\/product_tag?post=4866"}],"curies":[{"name":"wp","href":"https:\/\/api.w.org\/{rel}","templated":true}]}}