{"id":4934,"date":"2023-11-06T23:31:48","date_gmt":"2023-11-06T15:31:48","guid":{"rendered":"https:\/\/minderrc.com\/product\/original-punktschweissstift-minderrc-punktschweissgeraet\/"},"modified":"2023-11-06T23:31:48","modified_gmt":"2023-11-06T15:31:48","slug":"original-punktschweissstift-minderrc-punktschweissgeraet","status":"publish","type":"product","link":"https:\/\/minderrc.com\/de\/product\/original-punktschweissstift-minderrc-punktschweissgeraet\/","title":{"rendered":"Original Punktschwei\u00dfstift MinderRC Punktschwei\u00dfger\u00e4t"},"content":{"rendered":"<p><strong>Original Schwei\u00dfer-Stift  <\/strong><\/p>\n<p>Dies ist ein originaler Schwei\u00dfstift, 6,5 mm Anschluss, geeignet f\u00fcr DH20, DH30, DH30 MAX, DH50 Spot Welder<\/p>\n","protected":false},"excerpt":{"rendered":"<p>Original Schwei\u00dfer-Stift Dies ist ein originaler Schwei\u00dfstift, 6,5 mm Anschluss, geeignet f\u00fcr DH20, DH30, DH30 MAX, DH50 Spot Welder<\/p>\n","protected":false},"featured_media":4948,"comment_status":"open","ping_status":"closed","template":"","meta":{"_coblocks_attr":"","_coblocks_dimensions":"","_coblocks_responsive_height":"","_coblocks_accordion_ie_support":""},"product_brand":[],"product_cat":[878],"product_tag":[],"class_list":{"0":"post-4934","1":"product","2":"type-product","3":"status-publish","4":"has-post-thumbnail","6":"product_cat-verbrauchsmaterial-zum-schweisen","7":"product_shipping_class-keine-versandkostenfreien-teile","9":"first","10":"instock","11":"taxable","12":"shipping-taxable","13":"purchasable","14":"product-type-simple"},"_links":{"self":[{"href":"https:\/\/minderrc.com\/de\/wp-json\/wp\/v2\/product\/4934","targetHints":{"allow":["GET"]}}],"collection":[{"href":"https:\/\/minderrc.com\/de\/wp-json\/wp\/v2\/product"}],"about":[{"href":"https:\/\/minderrc.com\/de\/wp-json\/wp\/v2\/types\/product"}],"replies":[{"embeddable":true,"href":"https:\/\/minderrc.com\/de\/wp-json\/wp\/v2\/comments?post=4934"}],"wp:featuredmedia":[{"embeddable":true,"href":"https:\/\/minderrc.com\/de\/wp-json\/wp\/v2\/media\/4948"}],"wp:attachment":[{"href":"https:\/\/minderrc.com\/de\/wp-json\/wp\/v2\/media?parent=4934"}],"wp:term":[{"taxonomy":"product_brand","embeddable":true,"href":"https:\/\/minderrc.com\/de\/wp-json\/wp\/v2\/product_brand?post=4934"},{"taxonomy":"product_cat","embeddable":true,"href":"https:\/\/minderrc.com\/de\/wp-json\/wp\/v2\/product_cat?post=4934"},{"taxonomy":"product_tag","embeddable":true,"href":"https:\/\/minderrc.com\/de\/wp-json\/wp\/v2\/product_tag?post=4934"}],"curies":[{"name":"wp","href":"https:\/\/api.w.org\/{rel}","templated":true}]}}