{"id":4955,"date":"2023-12-09T22:37:30","date_gmt":"2023-12-09T14:37:30","guid":{"rendered":"https:\/\/minderrc.com\/product\/charing-chip-ip5306\/"},"modified":"2023-12-09T22:37:30","modified_gmt":"2023-12-09T14:37:30","slug":"charing-chip-ip5306","status":"publish","type":"product","link":"https:\/\/minderrc.com\/de\/product\/charing-chip-ip5306\/","title":{"rendered":"Charing Chip-IP5306"},"content":{"rendered":"<p><strong>Punktschwei\u00dfer-Reparaturteile-Ladungschip IP5306<\/strong><br \/>\nGeeignet f\u00fcr MinderRC DH30 DH30 MAX DH50 DH50 MAX Spot Welder<\/p>\n<p><strong>Anmerkung:<\/strong><br \/>\nDie Wartung erfordert ein gewisses elektronisches und schwei\u00dftechnisches Grundwissen. Kunden, die nicht \u00fcber Wartungskenntnisse verf\u00fcgen, bestellen bitte vorsichtig, wir k\u00f6nnen keine technische Unterst\u00fctzung f\u00fcr Wartungsteile bieten.<\/p>\n<p><img fetchpriority=\"high\" decoding=\"async\" class=\"alignnone size-full wp-image-2954\" src=\"https:\/\/minderrc.com\/wp-content\/uploads\/2023\/12\/3-4.jpg\" alt=\"\" width=\"1000\" height=\"1000\" srcset=\"https:\/\/minderrc.com\/wp-content\/uploads\/2023\/12\/3-4.jpg 1000w, https:\/\/minderrc.com\/wp-content\/uploads\/2023\/12\/3-4-300x300.jpg 300w, https:\/\/minderrc.com\/wp-content\/uploads\/2023\/12\/3-4-150x150.jpg 150w, https:\/\/minderrc.com\/wp-content\/uploads\/2023\/12\/3-4-768x768.jpg 768w, https:\/\/minderrc.com\/wp-content\/uploads\/2023\/12\/3-4-230x230.jpg 230w, https:\/\/minderrc.com\/wp-content\/uploads\/2023\/12\/3-4-350x350.jpg 350w, https:\/\/minderrc.com\/wp-content\/uploads\/2023\/12\/3-4-480x480.jpg 480w, https:\/\/minderrc.com\/wp-content\/uploads\/2023\/12\/3-4-420x420.jpg 420w, https:\/\/minderrc.com\/wp-content\/uploads\/2023\/12\/3-4-800x800.jpg 800w, https:\/\/minderrc.com\/wp-content\/uploads\/2023\/12\/3-4-100x100.jpg 100w\" sizes=\"(max-width: 1000px) 100vw, 1000px\" \/> <img decoding=\"async\" class=\"alignnone size-full wp-image-2952\" src=\"https:\/\/minderrc.com\/wp-content\/uploads\/2023\/12\/2-4.jpg\" alt=\"\" width=\"1000\" height=\"1000\" srcset=\"https:\/\/minderrc.com\/wp-content\/uploads\/2023\/12\/2-4.jpg 1000w, https:\/\/minderrc.com\/wp-content\/uploads\/2023\/12\/2-4-300x300.jpg 300w, https:\/\/minderrc.com\/wp-content\/uploads\/2023\/12\/2-4-150x150.jpg 150w, https:\/\/minderrc.com\/wp-content\/uploads\/2023\/12\/2-4-768x768.jpg 768w, https:\/\/minderrc.com\/wp-content\/uploads\/2023\/12\/2-4-230x230.jpg 230w, https:\/\/minderrc.com\/wp-content\/uploads\/2023\/12\/2-4-350x350.jpg 350w, https:\/\/minderrc.com\/wp-content\/uploads\/2023\/12\/2-4-480x480.jpg 480w, https:\/\/minderrc.com\/wp-content\/uploads\/2023\/12\/2-4-420x420.jpg 420w, https:\/\/minderrc.com\/wp-content\/uploads\/2023\/12\/2-4-800x800.jpg 800w, https:\/\/minderrc.com\/wp-content\/uploads\/2023\/12\/2-4-100x100.jpg 100w\" sizes=\"(max-width: 1000px) 100vw, 1000px\" \/> <img decoding=\"async\" class=\"alignnone size-full wp-image-2948\" src=\"https:\/\/minderrc.com\/wp-content\/uploads\/2023\/12\/6-4.jpg\" alt=\"\" width=\"1000\" height=\"1000\" srcset=\"https:\/\/minderrc.com\/wp-content\/uploads\/2023\/12\/6-4.jpg 1000w, https:\/\/minderrc.com\/wp-content\/uploads\/2023\/12\/6-4-300x300.jpg 300w, https:\/\/minderrc.com\/wp-content\/uploads\/2023\/12\/6-4-150x150.jpg 150w, https:\/\/minderrc.com\/wp-content\/uploads\/2023\/12\/6-4-768x768.jpg 768w, https:\/\/minderrc.com\/wp-content\/uploads\/2023\/12\/6-4-230x230.jpg 230w, https:\/\/minderrc.com\/wp-content\/uploads\/2023\/12\/6-4-350x350.jpg 350w, https:\/\/minderrc.com\/wp-content\/uploads\/2023\/12\/6-4-480x480.jpg 480w, https:\/\/minderrc.com\/wp-content\/uploads\/2023\/12\/6-4-420x420.jpg 420w, https:\/\/minderrc.com\/wp-content\/uploads\/2023\/12\/6-4-800x800.jpg 800w, https:\/\/minderrc.com\/wp-content\/uploads\/2023\/12\/6-4-100x100.jpg 100w\" sizes=\"(max-width: 1000px) 100vw, 1000px\" \/><\/p>\n","protected":false},"excerpt":{"rendered":"<p>Punktschwei\u00dfer-Reparaturteile-Ladungschip IP5306 Geeignet f\u00fcr MinderRC DH30 DH30 MAX DH50 DH50 MAX Spot Welder Anmerkung: Die Wartung erfordert ein gewisses elektronisches und schwei\u00dftechnisches Grundwissen. Kunden, die nicht \u00fcber Wartungskenntnisse verf\u00fcgen, bestellen bitte vorsichtig, wir k\u00f6nnen keine technische Unterst\u00fctzung f\u00fcr Wartungsteile bieten.<\/p>\n","protected":false},"featured_media":4975,"comment_status":"open","ping_status":"closed","template":"","meta":{"_coblocks_attr":"","_coblocks_dimensions":"","_coblocks_responsive_height":"","_coblocks_accordion_ie_support":""},"product_brand":[],"product_cat":[873],"product_tag":[],"class_list":{"0":"post-4955","1":"product","2":"type-product","3":"status-publish","4":"has-post-thumbnail","6":"product_cat-reparatur-teile","7":"product_shipping_class-keine-versandkostenfreien-teile","9":"first","10":"instock","11":"taxable","12":"shipping-taxable","13":"purchasable","14":"product-type-simple"},"_links":{"self":[{"href":"https:\/\/minderrc.com\/de\/wp-json\/wp\/v2\/product\/4955","targetHints":{"allow":["GET"]}}],"collection":[{"href":"https:\/\/minderrc.com\/de\/wp-json\/wp\/v2\/product"}],"about":[{"href":"https:\/\/minderrc.com\/de\/wp-json\/wp\/v2\/types\/product"}],"replies":[{"embeddable":true,"href":"https:\/\/minderrc.com\/de\/wp-json\/wp\/v2\/comments?post=4955"}],"wp:featuredmedia":[{"embeddable":true,"href":"https:\/\/minderrc.com\/de\/wp-json\/wp\/v2\/media\/4975"}],"wp:attachment":[{"href":"https:\/\/minderrc.com\/de\/wp-json\/wp\/v2\/media?parent=4955"}],"wp:term":[{"taxonomy":"product_brand","embeddable":true,"href":"https:\/\/minderrc.com\/de\/wp-json\/wp\/v2\/product_brand?post=4955"},{"taxonomy":"product_cat","embeddable":true,"href":"https:\/\/minderrc.com\/de\/wp-json\/wp\/v2\/product_cat?post=4955"},{"taxonomy":"product_tag","embeddable":true,"href":"https:\/\/minderrc.com\/de\/wp-json\/wp\/v2\/product_tag?post=4955"}],"curies":[{"name":"wp","href":"https:\/\/api.w.org\/{rel}","templated":true}]}}