{"id":5058,"date":"2023-12-09T12:30:59","date_gmt":"2023-12-09T04:30:59","guid":{"rendered":"https:\/\/minderrc.com\/product\/aufbewahrungstasche-fuer-minderrc-punktschweissgeraet-23-5mm10-5mm6mm\/"},"modified":"2023-12-09T12:30:59","modified_gmt":"2023-12-09T04:30:59","slug":"aufbewahrungstasche-fuer-minderrc-punktschweissgeraet-23-5mm10-5mm6mm","status":"publish","type":"product","link":"https:\/\/minderrc.com\/de\/product\/aufbewahrungstasche-fuer-minderrc-punktschweissgeraet-23-5mm10-5mm6mm\/","title":{"rendered":"Aufbewahrungstasche f\u00fcr MinderRC Punktschwei\u00dfger\u00e4t 23.5mm*10.5mm*6mm"},"content":{"rendered":"<p>Das Ma\u00df ist die \u00e4u\u00dfere Gr\u00f6\u00dfe der Aufbewahrungstasche, und die manuelle Messung hat einen Fehlerbereich von 5 mm.<\/p>\n<p class=\"detail-desc-decorate-content\" data-key=\"22\" data-slate-type=\"p\" data-style=\"{\"fontFamily\":\"OpenSans\",\"fontSize\":\"14px\",\"fontWeight\":\"300\",\"lineHeight\":\"20px\",\"whiteSpace\":\"pre-wrap\",\"color\":\"rgb(0, 0, 0)\",\"marginBottom\":\"12px\"}\" data-spm-anchor-id=\"5261.product_publish.0.i6.20845db4pzOYSM\" data-slate-fragment=\"JTdCJTIyb2JqZWN0JTIyJTNBJTIyZG9jdW1lbnQlMjIlMkMlMjJkYXRhJTIyJTNBJTdCJTdEJTJDJTIybm9kZXMlMjIlM0ElNUIlN0IlMjJvYmplY3QlMjIlM0ElMjJibG9jayUyMiUyQyUyMnR5cGUlMjIlM0ElMjJkaXYlMjIlMkMlMjJpc1ZvaWQlMjIlM0FmYWxzZSUyQyUyMmRhdGElMjIlM0ElN0IlMjJjbGFzc05hbWUlMjIlM0ElMjJkZXRhaWxtb2R1bGVfdGV4dCUyMiU3RCUyQyUyMm5vZGVzJTIyJTNBJTVCJTdCJTIyb2JqZWN0JTIyJTNBJTIyYmxvY2slMjIlMkMlMjJ0eXBlJTIyJTNBJTIycGFyYWdyYXBoJTIyJTJDJTIyaXNWb2lkJTIyJTNBZmFsc2UlMkMlMjJkYXRhJTIyJTNBJTdCJTIybGluZUhlaWdodCUyMiUzQSUyMjI4cHglMjIlMkMlMjJzdHlsZSUyMiUzQSU3QiUyMmZvbnRGYW1pbHklMjIlM0ElMjJPcGVuU2FucyUyMiUyQyUyMmZvbnRTaXplJTIyJTNBJTIyMjBweCUyMiUyQyUyMmZvbnRXZWlnaHQlMjIlM0ElMjI5MDAlMjIlMkMlMjJsaW5lSGVpZ2h0JTIyJTNBJTIyMjhweCUyMiUyQyUyMndoaXRlU3BhY2UlMjIlM0ElMjJwcmUtd3JhcCUyMiUyQyUyMmNvbG9yJTIyJTNBJTIycmdiKDAlMkMlMjAwJTJDJTIwMCklMjIlMkMlMjJtYXJnaW5Cb3R0b20lMjIlM0ElMjIxMnB4JTIyJTdEJTJDJTIyY2xhc3NOYW1lJTIyJTNBJTIyZGV0YWlsLWRlc2MtZGVjb3JhdGUtdGl0bGUlMjIlN0QlMkMlMjJub2RlcyUyMiUzQSU1QiU3QiUyMm9iamVjdCUyMiUzQSUyMnRleHQlMjIlMkMlMjJsZWF2ZXMlMjIlM0ElNUIlN0IlMjJvYmplY3QlMjIlM0ElMjJsZWFmJTIyJTJDJTIydGV4dCUyMiUzQSUyMkJlbG93JTIwaXMlMjBTdG9yYWdlJTIwQmFnJUVGJUJDJTlBMjMuNW1tKjEwLjVtbSo2bW0lMjIlMkMlMjJtYXJrcyUyMiUzQSU1QiU1RCU3RCU1RCU3RCU1RCU3RCUyQyU3QiUyMm9iamVjdCUyMiUzQSUyMmJsb2NrJTIyJTJDJTIydHlwZSUyMiUzQSUyMnBhcmFncmFwaCUyMiUyQyUyMmlzVm9pZCUyMiUzQWZhbHNlJTJDJTIyZGF0YSUyMiUzQSU3QiUyMmxpbmVIZWlnaHQlMjIlM0ElMjIyMHB4JTIyJTJDJTIyc3R5bGUlMjIlM0ElN0IlMjJmb250RmFtaWx5JTIyJTNBJTIyT3BlblNhbnMlMjIlMkMlMjJmb250U2l6ZSUyMiUzQSUyMjE0cHglMjIlMkMlMjJmb250V2VpZ2h0JTIyJTNBJTIyMzAwJTIyJTJDJTIybGluZUhlaWdodCUyMiUzQSUyMjIwcHglMjIlMkMlMjJ3aGl0ZVNwYWNlJTIyJTNBJTIycHJlLXdyYXAlMjIlMkMlMjJjb2xvciUyMiUzQSUyMnJnYigwJTJDJTIwMCUyQyUyMDApJTIyJTJDJTIybWFyZ2luQm90dG9tJTIyJTNBJTIyMTJweCUyMiU3RCUyQyUyMmNsYXNzTmFtZSUyMiUzQSUyMmRldGFpbC1kZXNjLWRlY29yYXRlLWNvbnRlbnQlMjIlN0QlMkMlMjJub2RlcyUyMiUzQSU1QiU3QiUyMm9iamVjdCUyMiUzQSUyMnRleHQlMjIlMkMlMjJsZWF2ZXMlMjIlM0ElNUIlN0IlMjJvYmplY3QlMjIlM0ElMjJsZWFmJTIyJTJDJTIydGV4dCUyMiUzQSUyMkNhbiUyMHN0b3JhZ2UlMjBESDMwJTIwTUFYJTIwYW5kJTIwcG93ZXIlMjBhZGFwdGVyJTIwdG9nZXRoZXIlMjIlMkMlMjJtYXJrcyUyMiUzQSU1QiU1RCU3RCU1RCU3RCU1RCU3RCU1RCU3RCU1RCU3RA==\"><span class=\"slate-node-text\" data-key=\"23\"><span data-offset-key=\"23:0\">Kann DH30 MAX und Netzadapter zusammen aufbewahren<\/span><\/span><\/p>\n<p data-key=\"22\" data-slate-type=\"p\" data-style=\"{\"fontFamily\":\"OpenSans\",\"fontSize\":\"14px\",\"fontWeight\":\"300\",\"lineHeight\":\"20px\",\"whiteSpace\":\"pre-wrap\",\"color\":\"rgb(0, 0, 0)\",\"marginBottom\":\"12px\"}\" data-spm-anchor-id=\"5261.product_publish.0.i6.20845db4pzOYSM\" data-slate-fragment=\"JTdCJTIyb2JqZWN0JTIyJTNBJTIyZG9jdW1lbnQlMjIlMkMlMjJkYXRhJTIyJTNBJTdCJTdEJTJDJTIybm9kZXMlMjIlM0ElNUIlN0IlMjJvYmplY3QlMjIlM0ElMjJibG9jayUyMiUyQyUyMnR5cGUlMjIlM0ElMjJkaXYlMjIlMkMlMjJpc1ZvaWQlMjIlM0FmYWxzZSUyQyUyMmRhdGElMjIlM0ElN0IlMjJjbGFzc05hbWUlMjIlM0ElMjJkZXRhaWxtb2R1bGVfdGV4dCUyMiU3RCUyQyUyMm5vZGVzJTIyJTNBJTVCJTdCJTIyb2JqZWN0JTIyJTNBJTIyYmxvY2slMjIlMkMlMjJ0eXBlJTIyJTNBJTIycGFyYWdyYXBoJTIyJTJDJTIyaXNWb2lkJTIyJTNBZmFsc2UlMkMlMjJkYXRhJTIyJTNBJTdCJTIybGluZUhlaWdodCUyMiUzQSUyMjI4cHglMjIlMkMlMjJzdHlsZSUyMiUzQSU3QiUyMmZvbnRGYW1pbHklMjIlM0ElMjJPcGVuU2FucyUyMiUyQyUyMmZvbnRTaXplJTIyJTNBJTIyMjBweCUyMiUyQyUyMmZvbnRXZWlnaHQlMjIlM0ElMjI5MDAlMjIlMkMlMjJsaW5lSGVpZ2h0JTIyJTNBJTIyMjhweCUyMiUyQyUyMndoaXRlU3BhY2UlMjIlM0ElMjJwcmUtd3JhcCUyMiUyQyUyMmNvbG9yJTIyJTNBJTIycmdiKDAlMkMlMjAwJTJDJTIwMCklMjIlMkMlMjJtYXJnaW5Cb3R0b20lMjIlM0ElMjIxMnB4JTIyJTdEJTJDJTIyY2xhc3NOYW1lJTIyJTNBJTIyZGV0YWlsLWRlc2MtZGVjb3JhdGUtdGl0bGUlMjIlN0QlMkMlMjJub2RlcyUyMiUzQSU1QiU3QiUyMm9iamVjdCUyMiUzQSUyMnRleHQlMjIlMkMlMjJsZWF2ZXMlMjIlM0ElNUIlN0IlMjJvYmplY3QlMjIlM0ElMjJsZWFmJTIyJTJDJTIydGV4dCUyMiUzQSUyMkJlbG93JTIwaXMlMjBTdG9yYWdlJTIwQmFnJUVGJUJDJTlBMjMuNW1tKjEwLjVtbSo2bW0lMjIlMkMlMjJtYXJrcyUyMiUzQSU1QiU1RCU3RCU1RCU3RCU1RCU3RCUyQyU3QiUyMm9iamVjdCUyMiUzQSUyMmJsb2NrJTIyJTJDJTIydHlwZSUyMiUzQSUyMnBhcmFncmFwaCUyMiUyQyUyMmlzVm9pZCUyMiUzQWZhbHNlJTJDJTIyZGF0YSUyMiUzQSU3QiUyMmxpbmVIZWlnaHQlMjIlM0ElMjIyMHB4JTIyJTJDJTIyc3R5bGUlMjIlM0ElN0IlMjJmb250RmFtaWx5JTIyJTNBJTIyT3BlblNhbnMlMjIlMkMlMjJmb250U2l6ZSUyMiUzQSUyMjE0cHglMjIlMkMlMjJmb250V2VpZ2h0JTIyJTNBJTIyMzAwJTIyJTJDJTIybGluZUhlaWdodCUyMiUzQSUyMjIwcHglMjIlMkMlMjJ3aGl0ZVNwYWNlJTIyJTNBJTIycHJlLXdyYXAlMjIlMkMlMjJjb2xvciUyMiUzQSUyMnJnYigwJTJDJTIwMCUyQyUyMDApJTIyJTJDJTIybWFyZ2luQm90dG9tJTIyJTNBJTIyMTJweCUyMiU3RCUyQyUyMmNsYXNzTmFtZSUyMiUzQSUyMmRldGFpbC1kZXNjLWRlY29yYXRlLWNvbnRlbnQlMjIlN0QlMkMlMjJub2RlcyUyMiUzQSU1QiU3QiUyMm9iamVjdCUyMiUzQSUyMnRleHQlMjIlMkMlMjJsZWF2ZXMlMjIlM0ElNUIlN0IlMjJvYmplY3QlMjIlM0ElMjJsZWFmJTIyJTJDJTIydGV4dCUyMiUzQSUyMkNhbiUyMHN0b3JhZ2UlMjBESDMwJTIwTUFYJTIwYW5kJTIwcG93ZXIlMjBhZGFwdGVyJTIwdG9nZXRoZXIlMjIlMkMlMjJtYXJrcyUyMiUzQSU1QiU1RCU3RCU1RCU3RCU1RCU3RCU1RCU3RCU1RCU3RA==\"><img fetchpriority=\"high\" decoding=\"async\" class=\"alignnone size-full wp-image-2456\" src=\"https:\/\/minderrc.com\/wp-content\/uploads\/2023\/11\/6-5.jpg\" alt=\"\" width=\"1000\" height=\"1000\" srcset=\"https:\/\/minderrc.com\/wp-content\/uploads\/2023\/11\/6-5.jpg 1000w, https:\/\/minderrc.com\/wp-content\/uploads\/2023\/11\/6-5-300x300.jpg 300w, https:\/\/minderrc.com\/wp-content\/uploads\/2023\/11\/6-5-150x150.jpg 150w, https:\/\/minderrc.com\/wp-content\/uploads\/2023\/11\/6-5-768x768.jpg 768w, https:\/\/minderrc.com\/wp-content\/uploads\/2023\/11\/6-5-230x230.jpg 230w, https:\/\/minderrc.com\/wp-content\/uploads\/2023\/11\/6-5-350x350.jpg 350w, https:\/\/minderrc.com\/wp-content\/uploads\/2023\/11\/6-5-480x480.jpg 480w, https:\/\/minderrc.com\/wp-content\/uploads\/2023\/11\/6-5-420x420.jpg 420w, https:\/\/minderrc.com\/wp-content\/uploads\/2023\/11\/6-5-800x800.jpg 800w, https:\/\/minderrc.com\/wp-content\/uploads\/2023\/11\/6-5-100x100.jpg 100w\" sizes=\"(max-width: 1000px) 100vw, 1000px\" \/><\/p>\n<p>&nbsp;<\/p>\n","protected":false},"excerpt":{"rendered":"<p>Das Ma\u00df ist die \u00e4u\u00dfere Gr\u00f6\u00dfe der Aufbewahrungstasche, und die manuelle Messung hat einen Fehlerbereich von 5 mm. Kann DH30 MAX und Netzadapter zusammen aufbewahren &nbsp;<\/p>\n","protected":false},"featured_media":5060,"comment_status":"open","ping_status":"closed","template":"","meta":{"_coblocks_attr":"","_coblocks_dimensions":"","_coblocks_responsive_height":"","_coblocks_accordion_ie_support":""},"product_brand":[],"product_cat":[872],"product_tag":[],"class_list":{"0":"post-5058","1":"product","2":"type-product","3":"status-publish","4":"has-post-thumbnail","6":"product_cat-punktschweisgerat-zubehor","7":"product_shipping_class-keine-versandkostenfreien-teile","9":"first","10":"instock","11":"taxable","12":"shipping-taxable","13":"purchasable","14":"product-type-simple"},"_links":{"self":[{"href":"https:\/\/minderrc.com\/de\/wp-json\/wp\/v2\/product\/5058","targetHints":{"allow":["GET"]}}],"collection":[{"href":"https:\/\/minderrc.com\/de\/wp-json\/wp\/v2\/product"}],"about":[{"href":"https:\/\/minderrc.com\/de\/wp-json\/wp\/v2\/types\/product"}],"replies":[{"embeddable":true,"href":"https:\/\/minderrc.com\/de\/wp-json\/wp\/v2\/comments?post=5058"}],"wp:featuredmedia":[{"embeddable":true,"href":"https:\/\/minderrc.com\/de\/wp-json\/wp\/v2\/media\/5060"}],"wp:attachment":[{"href":"https:\/\/minderrc.com\/de\/wp-json\/wp\/v2\/media?parent=5058"}],"wp:term":[{"taxonomy":"product_brand","embeddable":true,"href":"https:\/\/minderrc.com\/de\/wp-json\/wp\/v2\/product_brand?post=5058"},{"taxonomy":"product_cat","embeddable":true,"href":"https:\/\/minderrc.com\/de\/wp-json\/wp\/v2\/product_cat?post=5058"},{"taxonomy":"product_tag","embeddable":true,"href":"https:\/\/minderrc.com\/de\/wp-json\/wp\/v2\/product_tag?post=5058"}],"curies":[{"name":"wp","href":"https:\/\/api.w.org\/{rel}","templated":true}]}}