{"id":5059,"date":"2024-05-08T10:02:32","date_gmt":"2024-05-08T02:02:32","guid":{"rendered":"https:\/\/minderrc.com\/product\/minderrc-tf50-turbo-fan-staubreinigungsgeblaese\/"},"modified":"2024-07-16T20:58:48","modified_gmt":"2024-07-16T12:58:48","slug":"minderrc-tf50-turbo-fan-staubreinigungsgeblaese","status":"publish","type":"product","link":"https:\/\/minderrc.com\/de\/product\/minderrc-tf50-turbo-fan-staubreinigungsgeblaese\/","title":{"rendered":"MinderRC TF50 Turbo Fan Staubreinigungsgebl\u00e4se"},"content":{"rendered":"<p><strong>Auswahl der Batterie\uff1a<\/strong><br \/>\nOhne Batterien verwenden Sie bitte Ihre eigene Bohrmaschine, den Akku des Elektroschraubers oder den Akku des Winkelschleifers.<br \/>\nOptionaler Werkzeug-Akku: Makita\/WorX\/BOSCH\/Delixi.<br \/>\nKompatibler Akku: 3-4S XT60 Lipo Akku oder 18-21V Werkzeugakku<\/p>\n<p>&nbsp;<\/p>\n<p><strong>Spezifikation\uff1a<\/strong><br \/>\nName: Turbo Fan<br \/>\nModell: TF50<br \/>\nMaterial: Kunststoff, Metall<br \/>\nMotor: Hochgeschwindigkeits 50mm Brushless Motor<br \/>\nSchubkraft: MAX 1.3KG<br \/>\nLeistung: 1000W max<br \/>\nGr\u00f6\u00dfe\uff1a9cm*7cm*21.5cm<br \/>\nGewicht\uff1a306g<br \/>\nBetriebsstunden:4000mAh Akku, 15 Minuten lang mit hoher Geschwindigkeit laufen,<br \/>\nLassen Sie ihn 6 Stunden lang bei niedriger Geschwindigkeit laufen.<\/p>\n<p><strong>Paket enthalten:<\/strong><br \/>\n1x Turbo Ventilator<\/p>\n<p>&nbsp;<\/p>\n<p><strong>Wie zu verwenden:<\/strong><br \/>\n1. Schlie\u00dfen Sie eine geeignete Batterie an den Ventilatorsockel an<br \/>\n2. Klicken Sie l\u00e4nger als 3 Sekunden auf die Einschalttaste, um das Ger\u00e4t einzuschalten, ein Klick gen\u00fcgt, um es auszuschalten.<br \/>\n3. Dr\u00fccken Sie den Ausl\u00f6ser f\u00fcr die variable Geschwindigkeit, um die Windgeschwindigkeit einzustellen, oder drehen Sie den Basis-Windgeschwindigkeitsregler, um die Windgeschwindigkeit einzustellen.<\/p>\n<p>&nbsp;<\/p>\n<p><img fetchpriority=\"high\" decoding=\"async\" class=\"alignnone wp-image-5395 size-full\" src=\"https:\/\/minderrc.com\/wp-content\/uploads\/2024\/05\/Detail-1-Size.jpg\" alt=\"\" width=\"1000\" height=\"1000\" srcset=\"https:\/\/minderrc.com\/wp-content\/uploads\/2024\/05\/Detail-1-Size.jpg 1000w, https:\/\/minderrc.com\/wp-content\/uploads\/2024\/05\/Detail-1-Size-300x300.jpg 300w, https:\/\/minderrc.com\/wp-content\/uploads\/2024\/05\/Detail-1-Size-150x150.jpg 150w, https:\/\/minderrc.com\/wp-content\/uploads\/2024\/05\/Detail-1-Size-768x768.jpg 768w, https:\/\/minderrc.com\/wp-content\/uploads\/2024\/05\/Detail-1-Size-70x70.jpg 70w, https:\/\/minderrc.com\/wp-content\/uploads\/2024\/05\/Detail-1-Size-230x230.jpg 230w, https:\/\/minderrc.com\/wp-content\/uploads\/2024\/05\/Detail-1-Size-350x350.jpg 350w, https:\/\/minderrc.com\/wp-content\/uploads\/2024\/05\/Detail-1-Size-480x480.jpg 480w, https:\/\/minderrc.com\/wp-content\/uploads\/2024\/05\/Detail-1-Size-420x420.jpg 420w, https:\/\/minderrc.com\/wp-content\/uploads\/2024\/05\/Detail-1-Size-800x800.jpg 800w, https:\/\/minderrc.com\/wp-content\/uploads\/2024\/05\/Detail-1-Size-100x100.jpg 100w\" sizes=\"(max-width: 1000px) 100vw, 1000px\" \/> <img decoding=\"async\" class=\"alignnone wp-image-5399 size-full\" src=\"https:\/\/minderrc.com\/wp-content\/uploads\/2024\/05\/Detail-2-1.jpg\" alt=\"\" width=\"1000\" height=\"1000\" srcset=\"https:\/\/minderrc.com\/wp-content\/uploads\/2024\/05\/Detail-2-1.jpg 1000w, https:\/\/minderrc.com\/wp-content\/uploads\/2024\/05\/Detail-2-1-300x300.jpg 300w, https:\/\/minderrc.com\/wp-content\/uploads\/2024\/05\/Detail-2-1-150x150.jpg 150w, https:\/\/minderrc.com\/wp-content\/uploads\/2024\/05\/Detail-2-1-768x768.jpg 768w, https:\/\/minderrc.com\/wp-content\/uploads\/2024\/05\/Detail-2-1-70x70.jpg 70w, https:\/\/minderrc.com\/wp-content\/uploads\/2024\/05\/Detail-2-1-230x230.jpg 230w, https:\/\/minderrc.com\/wp-content\/uploads\/2024\/05\/Detail-2-1-350x350.jpg 350w, https:\/\/minderrc.com\/wp-content\/uploads\/2024\/05\/Detail-2-1-480x480.jpg 480w, https:\/\/minderrc.com\/wp-content\/uploads\/2024\/05\/Detail-2-1-420x420.jpg 420w, https:\/\/minderrc.com\/wp-content\/uploads\/2024\/05\/Detail-2-1-800x800.jpg 800w, https:\/\/minderrc.com\/wp-content\/uploads\/2024\/05\/Detail-2-1-100x100.jpg 100w\" sizes=\"(max-width: 1000px) 100vw, 1000px\" \/> <img decoding=\"async\" class=\"alignnone wp-image-5403 size-full\" src=\"https:\/\/minderrc.com\/wp-content\/uploads\/2024\/05\/Detail-3-1.jpg\" alt=\"\" width=\"1000\" height=\"1000\" srcset=\"https:\/\/minderrc.com\/wp-content\/uploads\/2024\/05\/Detail-3-1.jpg 1000w, https:\/\/minderrc.com\/wp-content\/uploads\/2024\/05\/Detail-3-1-300x300.jpg 300w, https:\/\/minderrc.com\/wp-content\/uploads\/2024\/05\/Detail-3-1-150x150.jpg 150w, https:\/\/minderrc.com\/wp-content\/uploads\/2024\/05\/Detail-3-1-768x768.jpg 768w, https:\/\/minderrc.com\/wp-content\/uploads\/2024\/05\/Detail-3-1-70x70.jpg 70w, https:\/\/minderrc.com\/wp-content\/uploads\/2024\/05\/Detail-3-1-230x230.jpg 230w, https:\/\/minderrc.com\/wp-content\/uploads\/2024\/05\/Detail-3-1-350x350.jpg 350w, https:\/\/minderrc.com\/wp-content\/uploads\/2024\/05\/Detail-3-1-480x480.jpg 480w, https:\/\/minderrc.com\/wp-content\/uploads\/2024\/05\/Detail-3-1-420x420.jpg 420w, https:\/\/minderrc.com\/wp-content\/uploads\/2024\/05\/Detail-3-1-800x800.jpg 800w, https:\/\/minderrc.com\/wp-content\/uploads\/2024\/05\/Detail-3-1-100x100.jpg 100w\" sizes=\"(max-width: 1000px) 100vw, 1000px\" \/> <img loading=\"lazy\" decoding=\"async\" class=\"alignnone wp-image-5407 size-full\" src=\"https:\/\/minderrc.com\/wp-content\/uploads\/2024\/05\/Detail-4-1.jpg\" alt=\"\" width=\"1000\" height=\"1000\" srcset=\"https:\/\/minderrc.com\/wp-content\/uploads\/2024\/05\/Detail-4-1.jpg 1000w, https:\/\/minderrc.com\/wp-content\/uploads\/2024\/05\/Detail-4-1-300x300.jpg 300w, https:\/\/minderrc.com\/wp-content\/uploads\/2024\/05\/Detail-4-1-150x150.jpg 150w, https:\/\/minderrc.com\/wp-content\/uploads\/2024\/05\/Detail-4-1-768x768.jpg 768w, https:\/\/minderrc.com\/wp-content\/uploads\/2024\/05\/Detail-4-1-70x70.jpg 70w, https:\/\/minderrc.com\/wp-content\/uploads\/2024\/05\/Detail-4-1-230x230.jpg 230w, https:\/\/minderrc.com\/wp-content\/uploads\/2024\/05\/Detail-4-1-350x350.jpg 350w, https:\/\/minderrc.com\/wp-content\/uploads\/2024\/05\/Detail-4-1-480x480.jpg 480w, https:\/\/minderrc.com\/wp-content\/uploads\/2024\/05\/Detail-4-1-420x420.jpg 420w, https:\/\/minderrc.com\/wp-content\/uploads\/2024\/05\/Detail-4-1-800x800.jpg 800w, https:\/\/minderrc.com\/wp-content\/uploads\/2024\/05\/Detail-4-1-100x100.jpg 100w\" sizes=\"(max-width: 1000px) 100vw, 1000px\" \/> <img loading=\"lazy\" decoding=\"async\" class=\"alignnone wp-image-5411 size-full\" src=\"https:\/\/minderrc.com\/wp-content\/uploads\/2024\/05\/Detail-5-1.jpg\" alt=\"\" width=\"1000\" height=\"1000\" srcset=\"https:\/\/minderrc.com\/wp-content\/uploads\/2024\/05\/Detail-5-1.jpg 1000w, https:\/\/minderrc.com\/wp-content\/uploads\/2024\/05\/Detail-5-1-300x300.jpg 300w, https:\/\/minderrc.com\/wp-content\/uploads\/2024\/05\/Detail-5-1-150x150.jpg 150w, https:\/\/minderrc.com\/wp-content\/uploads\/2024\/05\/Detail-5-1-768x768.jpg 768w, https:\/\/minderrc.com\/wp-content\/uploads\/2024\/05\/Detail-5-1-70x70.jpg 70w, https:\/\/minderrc.com\/wp-content\/uploads\/2024\/05\/Detail-5-1-230x230.jpg 230w, https:\/\/minderrc.com\/wp-content\/uploads\/2024\/05\/Detail-5-1-350x350.jpg 350w, https:\/\/minderrc.com\/wp-content\/uploads\/2024\/05\/Detail-5-1-480x480.jpg 480w, https:\/\/minderrc.com\/wp-content\/uploads\/2024\/05\/Detail-5-1-420x420.jpg 420w, https:\/\/minderrc.com\/wp-content\/uploads\/2024\/05\/Detail-5-1-800x800.jpg 800w, https:\/\/minderrc.com\/wp-content\/uploads\/2024\/05\/Detail-5-1-100x100.jpg 100w\" sizes=\"(max-width: 1000px) 100vw, 1000px\" \/> <img loading=\"lazy\" decoding=\"async\" class=\"alignnone wp-image-5415 size-full\" src=\"https:\/\/minderrc.com\/wp-content\/uploads\/2024\/05\/Detail-6.jpg\" alt=\"\" width=\"1000\" height=\"1000\" srcset=\"https:\/\/minderrc.com\/wp-content\/uploads\/2024\/05\/Detail-6.jpg 1000w, https:\/\/minderrc.com\/wp-content\/uploads\/2024\/05\/Detail-6-300x300.jpg 300w, https:\/\/minderrc.com\/wp-content\/uploads\/2024\/05\/Detail-6-150x150.jpg 150w, https:\/\/minderrc.com\/wp-content\/uploads\/2024\/05\/Detail-6-768x768.jpg 768w, https:\/\/minderrc.com\/wp-content\/uploads\/2024\/05\/Detail-6-70x70.jpg 70w, https:\/\/minderrc.com\/wp-content\/uploads\/2024\/05\/Detail-6-230x230.jpg 230w, https:\/\/minderrc.com\/wp-content\/uploads\/2024\/05\/Detail-6-350x350.jpg 350w, https:\/\/minderrc.com\/wp-content\/uploads\/2024\/05\/Detail-6-480x480.jpg 480w, https:\/\/minderrc.com\/wp-content\/uploads\/2024\/05\/Detail-6-420x420.jpg 420w, https:\/\/minderrc.com\/wp-content\/uploads\/2024\/05\/Detail-6-800x800.jpg 800w, https:\/\/minderrc.com\/wp-content\/uploads\/2024\/05\/Detail-6-100x100.jpg 100w\" sizes=\"(max-width: 1000px) 100vw, 1000px\" \/> <img loading=\"lazy\" decoding=\"async\" class=\"alignnone wp-image-5419 size-full\" src=\"https:\/\/minderrc.com\/wp-content\/uploads\/2024\/05\/Detail-7.jpg\" alt=\"\" width=\"1000\" height=\"1000\" srcset=\"https:\/\/minderrc.com\/wp-content\/uploads\/2024\/05\/Detail-7.jpg 1000w, https:\/\/minderrc.com\/wp-content\/uploads\/2024\/05\/Detail-7-300x300.jpg 300w, https:\/\/minderrc.com\/wp-content\/uploads\/2024\/05\/Detail-7-150x150.jpg 150w, https:\/\/minderrc.com\/wp-content\/uploads\/2024\/05\/Detail-7-768x768.jpg 768w, https:\/\/minderrc.com\/wp-content\/uploads\/2024\/05\/Detail-7-70x70.jpg 70w, https:\/\/minderrc.com\/wp-content\/uploads\/2024\/05\/Detail-7-230x230.jpg 230w, https:\/\/minderrc.com\/wp-content\/uploads\/2024\/05\/Detail-7-350x350.jpg 350w, https:\/\/minderrc.com\/wp-content\/uploads\/2024\/05\/Detail-7-480x480.jpg 480w, https:\/\/minderrc.com\/wp-content\/uploads\/2024\/05\/Detail-7-420x420.jpg 420w, https:\/\/minderrc.com\/wp-content\/uploads\/2024\/05\/Detail-7-800x800.jpg 800w, https:\/\/minderrc.com\/wp-content\/uploads\/2024\/05\/Detail-7-100x100.jpg 100w\" sizes=\"(max-width: 1000px) 100vw, 1000px\" \/><\/p>\n<p><strong>Vorsichtsma\u00dfnahmen bei der Verwendung des Ventilators:<\/strong><br \/>\n1. Bitte verwenden Sie den Ventilator vern\u00fcnftig, um gef\u00e4hrliche Faktoren zu vermeiden<br \/>\n2. Bitte schlie\u00dfen Sie die Netzspannung innerhalb des zul\u00e4ssigen Bereichs an. Falsche Spannung und unpassende Batterien k\u00f6nnen zu Fehlfunktionen f\u00fchren.<br \/>\n3. Bitte lassen Sie das Ger\u00e4t nicht \u00fcber einen l\u00e4ngeren Zeitraum mit voller Geschwindigkeit laufen, achten Sie auf die Hitze des Hosts. Verlangsamen Sie ggf. das Tempo oder halten Sie die Maschine 2-3 Minuten an, damit der Motor abk\u00fchlen kann. Der \u00dcberhitzungsschutz des ESC reduziert die Ausgangsleistung.<br \/>\n4. Achten Sie auf die Batterieleistung, wenn Sie das Ger\u00e4t benutzen, entladen Sie die Batterie nicht und laden Sie sie rechtzeitig auf.<br \/>\n5. Trennen Sie den Akku vom Host, wenn der Ventilator nicht verwendet wird.<\/p>\n","protected":false},"excerpt":{"rendered":"<p><span style=\"color: #ff0000;\"><strong>UVP:109.9USD<\/strong><\/span><br \/>\nEs ist ein vielseitiges Reinigungsger\u00e4t f\u00fcr Haus, Auto und B\u00fcro, kann zum Ausblasen von Holzsp\u00e4nen, Reinigen des Tisches, Schneer\u00e4umen, Ausblasen von Autos etc. verwendet werden.<br \/>\nDer Geschwindigkeitsregler verwandelt einen heftigen Ventilator in einen Haushaltsventilator, der bequem im Freien k\u00fchlt.<br \/>\nSpannungsanzeige, erm\u00f6glicht die intuitive Anzeige der Batteriespannung<\/p>\n","protected":false},"featured_media":5365,"comment_status":"closed","ping_status":"closed","template":"","meta":{"_coblocks_attr":"","_coblocks_dimensions":"","_coblocks_responsive_height":"","_coblocks_accordion_ie_support":""},"product_brand":[],"product_cat":[889],"product_tag":[891,892,890],"class_list":{"0":"post-5059","1":"product","2":"type-product","3":"status-publish","4":"has-post-thumbnail","6":"product_cat-turbo-ventilator","7":"product_tag-luftgeblase","8":"product_tag-staubreinigung","9":"product_tag-turbo-ventilator","10":"product_shipping_class-versandkostenfreie-produkte","12":"first","13":"instock","14":"taxable","15":"shipping-taxable","16":"purchasable","17":"product-type-variable"},"_links":{"self":[{"href":"https:\/\/minderrc.com\/de\/wp-json\/wp\/v2\/product\/5059","targetHints":{"allow":["GET"]}}],"collection":[{"href":"https:\/\/minderrc.com\/de\/wp-json\/wp\/v2\/product"}],"about":[{"href":"https:\/\/minderrc.com\/de\/wp-json\/wp\/v2\/types\/product"}],"replies":[{"embeddable":true,"href":"https:\/\/minderrc.com\/de\/wp-json\/wp\/v2\/comments?post=5059"}],"wp:featuredmedia":[{"embeddable":true,"href":"https:\/\/minderrc.com\/de\/wp-json\/wp\/v2\/media\/5365"}],"wp:attachment":[{"href":"https:\/\/minderrc.com\/de\/wp-json\/wp\/v2\/media?parent=5059"}],"wp:term":[{"taxonomy":"product_brand","embeddable":true,"href":"https:\/\/minderrc.com\/de\/wp-json\/wp\/v2\/product_brand?post=5059"},{"taxonomy":"product_cat","embeddable":true,"href":"https:\/\/minderrc.com\/de\/wp-json\/wp\/v2\/product_cat?post=5059"},{"taxonomy":"product_tag","embeddable":true,"href":"https:\/\/minderrc.com\/de\/wp-json\/wp\/v2\/product_tag?post=5059"}],"curies":[{"name":"wp","href":"https:\/\/api.w.org\/{rel}","templated":true}]}}