{"id":5142,"date":"2024-05-20T00:04:49","date_gmt":"2024-05-19T16:04:49","guid":{"rendered":"https:\/\/minderrc.com\/?post_type=product&#038;p=5142"},"modified":"2024-05-20T00:19:39","modified_gmt":"2024-05-19T16:19:39","slug":"minderrc-tf50-turbo-fan-staubreinigungsgeblase-copy","status":"publish","type":"product","link":"https:\/\/minderrc.com\/de\/product\/minderrc-tf50-turbo-fan-staubreinigungsgeblase-copy\/","title":{"rendered":"MinderRC TF20 Turbo Fan Staubreinigungsgebl\u00e4se"},"content":{"rendered":"<p><strong>Spezifikation\uff1a<\/strong><br \/>\nName: Turbo Fan<br \/>\nModell: TF20<br \/>\nMaterial: Kunststoff, Metall<br \/>\nMotor: Hochgeschwindigkeits 29mm Brushless Motor<br \/>\nSchubkraft: MAX 0.3KG<br \/>\nMotordrehzahl: MAX 130000RPM<br \/>\nWindgeschwindigkeit: MAX 52m\/s<br \/>\nGr\u00f6\u00dfe\uff1a5cm*2.7cm*15cm<br \/>\nGewicht\uff1a280g<br \/>\nBetriebsstunden: 4000mAh Akku, 15 Minuten lang mit hoher Geschwindigkeit laufen,<br \/>\nLassen Sie ihn 6 Stunden lang bei niedriger Geschwindigkeit laufen.<\/p>\n<p>&nbsp;<\/p>\n<p><strong>Paket enthalten:<\/strong><br \/>\n1x Turbo Ventilator<br \/>\n2x Magnetische Saugd\u00fcse<br \/>\n1x USB-Ladekabel<br \/>\n1x Benutzerhandbuch<\/p>\n<p>&nbsp;<\/p>\n<p><strong>Wie zu verwenden:<\/strong><br \/>\n1. Drehen Sie den Regler auf eine nicht minimale Position, klicken Sie auf den Einschaltknopf, um den Turbol\u00fcfter zu starten.<br \/>\n2. Drehen Sie den Knopf im Uhrzeigersinn, um die Luftmenge zu erh\u00f6hen, und gegen den Uhrzeigersinn, um die Luftmenge zu verringern.<\/p>\n<p><img fetchpriority=\"high\" decoding=\"async\" class=\"alignnone size-full wp-image-5154\" src=\"https:\/\/minderrc.com\/wp-content\/uploads\/2024\/05\/Size-1.jpg\" alt=\"\" width=\"1000\" height=\"1000\" srcset=\"https:\/\/minderrc.com\/wp-content\/uploads\/2024\/05\/Size-1.jpg 1000w, https:\/\/minderrc.com\/wp-content\/uploads\/2024\/05\/Size-1-300x300.jpg 300w, https:\/\/minderrc.com\/wp-content\/uploads\/2024\/05\/Size-1-150x150.jpg 150w, https:\/\/minderrc.com\/wp-content\/uploads\/2024\/05\/Size-1-768x768.jpg 768w, https:\/\/minderrc.com\/wp-content\/uploads\/2024\/05\/Size-1-70x70.jpg 70w, https:\/\/minderrc.com\/wp-content\/uploads\/2024\/05\/Size-1-230x230.jpg 230w, https:\/\/minderrc.com\/wp-content\/uploads\/2024\/05\/Size-1-350x350.jpg 350w, https:\/\/minderrc.com\/wp-content\/uploads\/2024\/05\/Size-1-480x480.jpg 480w, https:\/\/minderrc.com\/wp-content\/uploads\/2024\/05\/Size-1-420x420.jpg 420w, https:\/\/minderrc.com\/wp-content\/uploads\/2024\/05\/Size-1-800x800.jpg 800w, https:\/\/minderrc.com\/wp-content\/uploads\/2024\/05\/Size-1-100x100.jpg 100w\" sizes=\"(max-width: 1000px) 100vw, 1000px\" \/> <img decoding=\"async\" class=\"alignnone size-full wp-image-5158\" src=\"https:\/\/minderrc.com\/wp-content\/uploads\/2024\/05\/Detial-1.jpg\" alt=\"\" width=\"1000\" height=\"1000\" srcset=\"https:\/\/minderrc.com\/wp-content\/uploads\/2024\/05\/Detial-1.jpg 1000w, https:\/\/minderrc.com\/wp-content\/uploads\/2024\/05\/Detial-1-300x300.jpg 300w, https:\/\/minderrc.com\/wp-content\/uploads\/2024\/05\/Detial-1-150x150.jpg 150w, https:\/\/minderrc.com\/wp-content\/uploads\/2024\/05\/Detial-1-768x768.jpg 768w, https:\/\/minderrc.com\/wp-content\/uploads\/2024\/05\/Detial-1-70x70.jpg 70w, https:\/\/minderrc.com\/wp-content\/uploads\/2024\/05\/Detial-1-230x230.jpg 230w, https:\/\/minderrc.com\/wp-content\/uploads\/2024\/05\/Detial-1-350x350.jpg 350w, https:\/\/minderrc.com\/wp-content\/uploads\/2024\/05\/Detial-1-480x480.jpg 480w, https:\/\/minderrc.com\/wp-content\/uploads\/2024\/05\/Detial-1-420x420.jpg 420w, https:\/\/minderrc.com\/wp-content\/uploads\/2024\/05\/Detial-1-800x800.jpg 800w, https:\/\/minderrc.com\/wp-content\/uploads\/2024\/05\/Detial-1-100x100.jpg 100w\" sizes=\"(max-width: 1000px) 100vw, 1000px\" \/> <img decoding=\"async\" class=\"alignnone size-full wp-image-5162\" src=\"https:\/\/minderrc.com\/wp-content\/uploads\/2024\/05\/Detial-2.jpg\" alt=\"\" width=\"1000\" height=\"1000\" srcset=\"https:\/\/minderrc.com\/wp-content\/uploads\/2024\/05\/Detial-2.jpg 1000w, https:\/\/minderrc.com\/wp-content\/uploads\/2024\/05\/Detial-2-300x300.jpg 300w, https:\/\/minderrc.com\/wp-content\/uploads\/2024\/05\/Detial-2-150x150.jpg 150w, https:\/\/minderrc.com\/wp-content\/uploads\/2024\/05\/Detial-2-768x768.jpg 768w, https:\/\/minderrc.com\/wp-content\/uploads\/2024\/05\/Detial-2-70x70.jpg 70w, https:\/\/minderrc.com\/wp-content\/uploads\/2024\/05\/Detial-2-230x230.jpg 230w, https:\/\/minderrc.com\/wp-content\/uploads\/2024\/05\/Detial-2-350x350.jpg 350w, https:\/\/minderrc.com\/wp-content\/uploads\/2024\/05\/Detial-2-480x480.jpg 480w, https:\/\/minderrc.com\/wp-content\/uploads\/2024\/05\/Detial-2-420x420.jpg 420w, https:\/\/minderrc.com\/wp-content\/uploads\/2024\/05\/Detial-2-800x800.jpg 800w, https:\/\/minderrc.com\/wp-content\/uploads\/2024\/05\/Detial-2-100x100.jpg 100w\" sizes=\"(max-width: 1000px) 100vw, 1000px\" \/> <img loading=\"lazy\" decoding=\"async\" class=\"alignnone size-full wp-image-5166\" src=\"https:\/\/minderrc.com\/wp-content\/uploads\/2024\/05\/Detial-3.jpg\" alt=\"\" width=\"1000\" height=\"1000\" srcset=\"https:\/\/minderrc.com\/wp-content\/uploads\/2024\/05\/Detial-3.jpg 1000w, https:\/\/minderrc.com\/wp-content\/uploads\/2024\/05\/Detial-3-300x300.jpg 300w, https:\/\/minderrc.com\/wp-content\/uploads\/2024\/05\/Detial-3-150x150.jpg 150w, https:\/\/minderrc.com\/wp-content\/uploads\/2024\/05\/Detial-3-768x768.jpg 768w, https:\/\/minderrc.com\/wp-content\/uploads\/2024\/05\/Detial-3-70x70.jpg 70w, https:\/\/minderrc.com\/wp-content\/uploads\/2024\/05\/Detial-3-230x230.jpg 230w, https:\/\/minderrc.com\/wp-content\/uploads\/2024\/05\/Detial-3-350x350.jpg 350w, https:\/\/minderrc.com\/wp-content\/uploads\/2024\/05\/Detial-3-480x480.jpg 480w, https:\/\/minderrc.com\/wp-content\/uploads\/2024\/05\/Detial-3-420x420.jpg 420w, https:\/\/minderrc.com\/wp-content\/uploads\/2024\/05\/Detial-3-800x800.jpg 800w, https:\/\/minderrc.com\/wp-content\/uploads\/2024\/05\/Detial-3-100x100.jpg 100w\" sizes=\"(max-width: 1000px) 100vw, 1000px\" \/> <img loading=\"lazy\" decoding=\"async\" class=\"alignnone size-full wp-image-5170\" src=\"https:\/\/minderrc.com\/wp-content\/uploads\/2024\/05\/Detial-4.jpg\" alt=\"\" width=\"1000\" height=\"1000\" srcset=\"https:\/\/minderrc.com\/wp-content\/uploads\/2024\/05\/Detial-4.jpg 1000w, https:\/\/minderrc.com\/wp-content\/uploads\/2024\/05\/Detial-4-300x300.jpg 300w, https:\/\/minderrc.com\/wp-content\/uploads\/2024\/05\/Detial-4-150x150.jpg 150w, https:\/\/minderrc.com\/wp-content\/uploads\/2024\/05\/Detial-4-768x768.jpg 768w, https:\/\/minderrc.com\/wp-content\/uploads\/2024\/05\/Detial-4-70x70.jpg 70w, https:\/\/minderrc.com\/wp-content\/uploads\/2024\/05\/Detial-4-230x230.jpg 230w, https:\/\/minderrc.com\/wp-content\/uploads\/2024\/05\/Detial-4-350x350.jpg 350w, https:\/\/minderrc.com\/wp-content\/uploads\/2024\/05\/Detial-4-480x480.jpg 480w, https:\/\/minderrc.com\/wp-content\/uploads\/2024\/05\/Detial-4-420x420.jpg 420w, https:\/\/minderrc.com\/wp-content\/uploads\/2024\/05\/Detial-4-800x800.jpg 800w, https:\/\/minderrc.com\/wp-content\/uploads\/2024\/05\/Detial-4-100x100.jpg 100w\" sizes=\"(max-width: 1000px) 100vw, 1000px\" \/> <img loading=\"lazy\" decoding=\"async\" class=\"alignnone size-full wp-image-5174\" src=\"https:\/\/minderrc.com\/wp-content\/uploads\/2024\/05\/Detial-5.jpg\" alt=\"\" width=\"1000\" height=\"1000\" srcset=\"https:\/\/minderrc.com\/wp-content\/uploads\/2024\/05\/Detial-5.jpg 1000w, https:\/\/minderrc.com\/wp-content\/uploads\/2024\/05\/Detial-5-300x300.jpg 300w, https:\/\/minderrc.com\/wp-content\/uploads\/2024\/05\/Detial-5-150x150.jpg 150w, https:\/\/minderrc.com\/wp-content\/uploads\/2024\/05\/Detial-5-768x768.jpg 768w, https:\/\/minderrc.com\/wp-content\/uploads\/2024\/05\/Detial-5-70x70.jpg 70w, https:\/\/minderrc.com\/wp-content\/uploads\/2024\/05\/Detial-5-230x230.jpg 230w, https:\/\/minderrc.com\/wp-content\/uploads\/2024\/05\/Detial-5-350x350.jpg 350w, https:\/\/minderrc.com\/wp-content\/uploads\/2024\/05\/Detial-5-480x480.jpg 480w, https:\/\/minderrc.com\/wp-content\/uploads\/2024\/05\/Detial-5-420x420.jpg 420w, https:\/\/minderrc.com\/wp-content\/uploads\/2024\/05\/Detial-5-800x800.jpg 800w, https:\/\/minderrc.com\/wp-content\/uploads\/2024\/05\/Detial-5-100x100.jpg 100w\" sizes=\"(max-width: 1000px) 100vw, 1000px\" \/> <img loading=\"lazy\" decoding=\"async\" class=\"alignnone size-full wp-image-5178\" src=\"https:\/\/minderrc.com\/wp-content\/uploads\/2024\/05\/Detial-6.jpg\" alt=\"\" width=\"1000\" height=\"1000\" srcset=\"https:\/\/minderrc.com\/wp-content\/uploads\/2024\/05\/Detial-6.jpg 1000w, https:\/\/minderrc.com\/wp-content\/uploads\/2024\/05\/Detial-6-300x300.jpg 300w, https:\/\/minderrc.com\/wp-content\/uploads\/2024\/05\/Detial-6-150x150.jpg 150w, https:\/\/minderrc.com\/wp-content\/uploads\/2024\/05\/Detial-6-768x768.jpg 768w, https:\/\/minderrc.com\/wp-content\/uploads\/2024\/05\/Detial-6-70x70.jpg 70w, https:\/\/minderrc.com\/wp-content\/uploads\/2024\/05\/Detial-6-230x230.jpg 230w, https:\/\/minderrc.com\/wp-content\/uploads\/2024\/05\/Detial-6-350x350.jpg 350w, https:\/\/minderrc.com\/wp-content\/uploads\/2024\/05\/Detial-6-480x480.jpg 480w, https:\/\/minderrc.com\/wp-content\/uploads\/2024\/05\/Detial-6-420x420.jpg 420w, https:\/\/minderrc.com\/wp-content\/uploads\/2024\/05\/Detial-6-800x800.jpg 800w, https:\/\/minderrc.com\/wp-content\/uploads\/2024\/05\/Detial-6-100x100.jpg 100w\" sizes=\"(max-width: 1000px) 100vw, 1000px\" \/><\/p>\n<p>&nbsp;<\/p>\n<p><strong>Vorsichtsma\u00dfnahmen bei der Verwendung des Ventilators:<\/strong><br \/>\n1. Bitte verwenden Sie den Ventilator vern\u00fcnftig, um gef\u00e4hrliche Faktoren zu vermeiden<br \/>\n2. Bitte lassen Sie das Ger\u00e4t nicht \u00fcber einen l\u00e4ngeren Zeitraum mit voller Geschwindigkeit laufen, achten Sie auf die Hitze des Hosts. Verlangsamen Sie ggf. das Tempo oder halten Sie die Maschine 2-3 Minuten an, damit der Motor abk\u00fchlen kann. Der \u00dcberhitzungsschutz des ESC reduziert die Ausgangsleistung.<br \/>\n3. Achten Sie auf die Batterieleistung, wenn Sie das Ger\u00e4t benutzen, entladen Sie die Batterie nicht und laden Sie sie rechtzeitig auf.<br \/>\n4. Drehen Sie den Knopf auf die kleinste Position, wenn das Gebl\u00e4se nicht in Betrieb ist.<\/p>\n","protected":false},"excerpt":{"rendered":"<p><span style=\"color: #ff0000;\"><strong>UVP:54.9USD<\/strong><\/span><br \/>\nEs ist ein vielseitiges Reinigungsger\u00e4t f\u00fcr Haus, Auto und B\u00fcro, kann zum Ausblasen von Holzsp\u00e4nen, Reinigen des Tisches, Schneer\u00e4umen, Ausblasen von Autos etc. verwendet werden.<br \/>\nStufenlose Geschwindigkeitsregelung, kann verschiedene Windgeschwindigkeiten genau ausgeben;<br \/>\nB\u00fcrstenloser Motor, hohe Windgeschwindigkeit und lange Nutzungsdauer;<br \/>\n\u00dcbertemperaturschutz, der die Ventilatoren vor versehentlicher Besch\u00e4digung bei l\u00e4ngerem Betrieb sch\u00fctzt<br \/>\nTelefongr\u00f6\u00dfe, bequem zu tragen<\/p>\n","protected":false},"featured_media":5184,"comment_status":"closed","ping_status":"closed","template":"","meta":{"_coblocks_attr":"","_coblocks_dimensions":"","_coblocks_responsive_height":"","_coblocks_accordion_ie_support":""},"product_brand":[],"product_cat":[889],"product_tag":[891,892,890],"class_list":{"0":"post-5142","1":"product","2":"type-product","3":"status-publish","4":"has-post-thumbnail","6":"product_cat-turbo-ventilator","7":"product_tag-luftgeblase","8":"product_tag-staubreinigung","9":"product_tag-turbo-ventilator","10":"product_shipping_class-versandkostenfreie-produkte","12":"first","13":"instock","14":"taxable","15":"shipping-taxable","16":"purchasable","17":"product-type-simple"},"_links":{"self":[{"href":"https:\/\/minderrc.com\/de\/wp-json\/wp\/v2\/product\/5142","targetHints":{"allow":["GET"]}}],"collection":[{"href":"https:\/\/minderrc.com\/de\/wp-json\/wp\/v2\/product"}],"about":[{"href":"https:\/\/minderrc.com\/de\/wp-json\/wp\/v2\/types\/product"}],"replies":[{"embeddable":true,"href":"https:\/\/minderrc.com\/de\/wp-json\/wp\/v2\/comments?post=5142"}],"wp:featuredmedia":[{"embeddable":true,"href":"https:\/\/minderrc.com\/de\/wp-json\/wp\/v2\/media\/5184"}],"wp:attachment":[{"href":"https:\/\/minderrc.com\/de\/wp-json\/wp\/v2\/media?parent=5142"}],"wp:term":[{"taxonomy":"product_brand","embeddable":true,"href":"https:\/\/minderrc.com\/de\/wp-json\/wp\/v2\/product_brand?post=5142"},{"taxonomy":"product_cat","embeddable":true,"href":"https:\/\/minderrc.com\/de\/wp-json\/wp\/v2\/product_cat?post=5142"},{"taxonomy":"product_tag","embeddable":true,"href":"https:\/\/minderrc.com\/de\/wp-json\/wp\/v2\/product_tag?post=5142"}],"curies":[{"name":"wp","href":"https:\/\/api.w.org\/{rel}","templated":true}]}}